{"id":648,"date":"2020-10-26T21:15:46","date_gmt":"2020-10-26T18:15:46","guid":{"rendered":"https:\/\/startertemplatecloud.com\/e02\/?post_type=product&#038;p=648"},"modified":"2026-01-26T16:09:12","modified_gmt":"2026-01-26T19:09:12","slug":"educacao-espirita","status":"publish","type":"product","link":"https:\/\/editorapaideia.com.br\/index.php\/produto\/educacao-espirita\/","title":{"rendered":"Educa\u00e7\u00e3o Esp\u00edrita"},"content":{"rendered":"<p><strong>Formato:<\/strong>\u00a014&#215;21 &#8211; 85 p\u00e1ginas<\/p>\n<p>Professor esp\u00edrita \u00e9 o que estuda a Doutrina Esp\u00edrita e as suas t\u00e9cnicas de educa\u00e7\u00e3o. Formado \u00e0 luz da pedagogia esp\u00edrita, ele exemplificar\u00e1 as palavras: \u201ceducar \u00e9 um ato de amor\u201d. Segundo Heloisa Pires s\u00f3 os idealistas lutar\u00e3o, claro, por seus direitos.<\/p>\n","protected":false},"excerpt":{"rendered":"<p>Professor esp\u00edrita \u00e9 o que estuda a Doutrina Esp\u00edrita e as suas t\u00e9cnicas de educa\u00e7\u00e3o. Formado \u00e0 luz da pedagogia esp\u00edrita, ele exemplificar\u00e1 as palavras: \u201ceducar \u00e9 um ato de amor\u201d. Segundo Heloisa Pires s\u00f3 os idealistas lutar\u00e3o, claro, por seus direitos.<\/p>\n","protected":false},"featured_media":1257,"comment_status":"open","ping_status":"closed","template":"","meta":{"_kadence_starter_templates_imported_post":true,"_kad_post_transparent":"default","_kad_post_title":"","_kad_post_layout":"default","_kad_post_sidebar_id":"","_kad_post_content_style":"default","_kad_post_vertical_padding":"default","_kad_post_feature":"","_kad_post_feature_position":"","_kad_post_header":false,"_kad_post_footer":false},"product_brand":[],"product_cat":[31,17],"product_tag":[],"class_list":{"0":"post-648","1":"product","2":"type-product","3":"status-publish","4":"has-post-thumbnail","6":"product_cat-doutrina-espirita","7":"product_cat-romances","9":"first","10":"instock","11":"featured","12":"shipping-taxable","13":"purchasable","14":"product-type-simple","15":"entry","16":"content-bg","17":"loop-entry"},"_links":{"self":[{"href":"https:\/\/editorapaideia.com.br\/index.php\/wp-json\/wp\/v2\/product\/648","targetHints":{"allow":["GET"]}}],"collection":[{"href":"https:\/\/editorapaideia.com.br\/index.php\/wp-json\/wp\/v2\/product"}],"about":[{"href":"https:\/\/editorapaideia.com.br\/index.php\/wp-json\/wp\/v2\/types\/product"}],"replies":[{"embeddable":true,"href":"https:\/\/editorapaideia.com.br\/index.php\/wp-json\/wp\/v2\/comments?post=648"}],"wp:featuredmedia":[{"embeddable":true,"href":"https:\/\/editorapaideia.com.br\/index.php\/wp-json\/wp\/v2\/media\/1257"}],"wp:attachment":[{"href":"https:\/\/editorapaideia.com.br\/index.php\/wp-json\/wp\/v2\/media?parent=648"}],"wp:term":[{"taxonomy":"product_brand","embeddable":true,"href":"https:\/\/editorapaideia.com.br\/index.php\/wp-json\/wp\/v2\/product_brand?post=648"},{"taxonomy":"product_cat","embeddable":true,"href":"https:\/\/editorapaideia.com.br\/index.php\/wp-json\/wp\/v2\/product_cat?post=648"},{"taxonomy":"product_tag","embeddable":true,"href":"https:\/\/editorapaideia.com.br\/index.php\/wp-json\/wp\/v2\/product_tag?post=648"}],"curies":[{"name":"wp","href":"https:\/\/api.w.org\/{rel}","templated":true}]}}