{"id":309,"date":"2020-10-23T18:57:28","date_gmt":"2020-10-23T15:57:28","guid":{"rendered":"https:\/\/startertemplatecloud.com\/e02\/?post_type=product&#038;p=309"},"modified":"2026-02-14T13:16:38","modified_gmt":"2026-02-14T16:16:38","slug":"phone-case-stve","status":"publish","type":"product","link":"https:\/\/editorapaideia.com.br\/index.php\/produto\/phone-case-stve\/","title":{"rendered":"Os Fil\u00f3sofos"},"content":{"rendered":"<p><strong>Formato:<\/strong>\u00a014&#215;21 &#8211; 341 p\u00e1ginas<\/p>\n<p>Este livro trata n\u00e3o de uma s\u00e9rie de biografias escolhidas ao acaso, mas de um panorama org\u00e2nico, que abrange cerca de vinte e cinco s\u00e9culos de Hist\u00f3ria da Filosofia. Focalizando em cada fase hist\u00f3rica, um ou dois de seus pensadores exponenciais, Herculano estuda-lhes a vida e as doutrinas em conex\u00e3o com a \u00e9poca em que viveram. Estabelece igualmente por meio de compara\u00e7\u00f5es apropositadas, os la\u00e7os existentes entre os v\u00e1rios per\u00edodos hist\u00f3ricos, acentuando assim, a continuidade do drama do pensamento.<\/p>\n<p>Usando um processo de exposi\u00e7\u00e3o que, al\u00e9m de facilitar a memoriza\u00e7\u00e3o dos fatos e princ\u00edpios, torna agrad\u00e1vel a leitura, o autor de Os Fil\u00f3sofos cuidou de apresentar seus biografados, n\u00e3o como criaturas incorp\u00f3reas, perdidas no reino das abstra\u00e7\u00f5es, mas como seres humanos cujas doutrinas refletem, sua inalien\u00e1vel condi\u00e7\u00f5es de testemunhas da Hist\u00f3ria.<br \/>\nEste livro nos revela, o significado humano das constru\u00e7\u00f5es filos\u00f3ficas e o sentido dram\u00e1tico do entrechoque das id\u00e9ias e dos princ\u00edpios ao longo dos s\u00e9culos.<\/p>\n","protected":false},"excerpt":{"rendered":"<p>Este livro nos revela, o significado humano das constru\u00e7\u00f5es filos\u00f3ficas e o sentido dram\u00e1tico do entrechoque das id\u00e9ias e dos princ\u00edpios ao longo dos s\u00e9culos.<\/p>\n","protected":false},"featured_media":1260,"comment_status":"open","ping_status":"closed","template":"","meta":{"_kadence_starter_templates_imported_post":true,"_kad_post_transparent":"default","_kad_post_title":"","_kad_post_layout":"default","_kad_post_sidebar_id":"","_kad_post_content_style":"default","_kad_post_vertical_padding":"default","_kad_post_feature":"","_kad_post_feature_position":"","_kad_post_header":false,"_kad_post_footer":false},"product_brand":[],"product_cat":[19],"product_tag":[],"class_list":{"0":"post-309","1":"product","2":"type-product","3":"status-publish","4":"has-post-thumbnail","6":"product_cat-estudos","8":"first","9":"instock","10":"featured","11":"shipping-taxable","12":"purchasable","13":"product-type-simple","14":"entry","15":"content-bg","16":"loop-entry"},"_links":{"self":[{"href":"https:\/\/editorapaideia.com.br\/index.php\/wp-json\/wp\/v2\/product\/309","targetHints":{"allow":["GET"]}}],"collection":[{"href":"https:\/\/editorapaideia.com.br\/index.php\/wp-json\/wp\/v2\/product"}],"about":[{"href":"https:\/\/editorapaideia.com.br\/index.php\/wp-json\/wp\/v2\/types\/product"}],"replies":[{"embeddable":true,"href":"https:\/\/editorapaideia.com.br\/index.php\/wp-json\/wp\/v2\/comments?post=309"}],"wp:featuredmedia":[{"embeddable":true,"href":"https:\/\/editorapaideia.com.br\/index.php\/wp-json\/wp\/v2\/media\/1260"}],"wp:attachment":[{"href":"https:\/\/editorapaideia.com.br\/index.php\/wp-json\/wp\/v2\/media?parent=309"}],"wp:term":[{"taxonomy":"product_brand","embeddable":true,"href":"https:\/\/editorapaideia.com.br\/index.php\/wp-json\/wp\/v2\/product_brand?post=309"},{"taxonomy":"product_cat","embeddable":true,"href":"https:\/\/editorapaideia.com.br\/index.php\/wp-json\/wp\/v2\/product_cat?post=309"},{"taxonomy":"product_tag","embeddable":true,"href":"https:\/\/editorapaideia.com.br\/index.php\/wp-json\/wp\/v2\/product_tag?post=309"}],"curies":[{"name":"wp","href":"https:\/\/api.w.org\/{rel}","templated":true}]}}