{"id":308,"date":"2020-10-23T18:57:15","date_gmt":"2020-10-23T15:57:15","guid":{"rendered":"https:\/\/startertemplatecloud.com\/e02\/?post_type=product&#038;p=308"},"modified":"2026-04-24T17:05:12","modified_gmt":"2026-04-24T20:05:12","slug":"sonhos-nascem-da-areia","status":"publish","type":"product","link":"https:\/\/editorapaideia.com.br\/index.php\/produto\/sonhos-nascem-da-areia\/","title":{"rendered":"Sonhos Nascem da Areia"},"content":{"rendered":"<p>Formato: 14&#215;21 &#8211; 168 p\u00e1ginas<\/p>\n<p>O leitor encontra neste romance um mundo novo e estranho em que realidade n\u00e3o se transfigura, mas nos mostra uma face diferente, como de criatura desconhecida que acabamos de descobrir em n\u00f3s mesmos.<br \/>\nEmo\u00e7\u00e3o e beleza nascem de uma fonte oculta do ser, cujo murm\u00fario secreto nos embala revelando resson\u00e2ncias de nossa ac\u00fastica interior.<br \/>\nUm livro que se l\u00ea devagar, porque \u00e9 preciso sentir suas v\u00e1rias nuan\u00e7as.<\/p>\n","protected":false},"excerpt":{"rendered":"<p>O leitor encontra neste romance um mundo novo e estranho em que realidade n\u00e3o se transfigura, mas nos mostra uma face diferente, como de criatura desconhecida que acabamos de descobrir em n\u00f3s mesmos.<br \/>\nEmo\u00e7\u00e3o e beleza nascem de uma fonte oculta do ser, cujo murm\u00fario secreto nos embala revelando resson\u00e2ncias de nossa ac\u00fastica interior.<br \/>\nUm livro que se l\u00ea devagar, porque \u00e9 preciso sentir suas v\u00e1rias nuan\u00e7as.<\/p>\n","protected":false},"featured_media":1224,"comment_status":"closed","ping_status":"closed","template":"","meta":{"_kadence_starter_templates_imported_post":true,"_kad_post_transparent":"default","_kad_post_title":"","_kad_post_layout":"default","_kad_post_sidebar_id":"","_kad_post_content_style":"default","_kad_post_vertical_padding":"default","_kad_post_feature":"","_kad_post_feature_position":"","_kad_post_header":false,"_kad_post_footer":false},"product_brand":[],"product_cat":[17,36],"product_tag":[],"class_list":{"0":"post-308","1":"product","2":"type-product","3":"status-publish","4":"has-post-thumbnail","6":"product_cat-romances","7":"product_cat-romances-espiritas","9":"first","10":"instock","11":"featured","12":"shipping-taxable","13":"purchasable","14":"product-type-simple","15":"entry","16":"content-bg","17":"loop-entry"},"_links":{"self":[{"href":"https:\/\/editorapaideia.com.br\/index.php\/wp-json\/wp\/v2\/product\/308","targetHints":{"allow":["GET"]}}],"collection":[{"href":"https:\/\/editorapaideia.com.br\/index.php\/wp-json\/wp\/v2\/product"}],"about":[{"href":"https:\/\/editorapaideia.com.br\/index.php\/wp-json\/wp\/v2\/types\/product"}],"replies":[{"embeddable":true,"href":"https:\/\/editorapaideia.com.br\/index.php\/wp-json\/wp\/v2\/comments?post=308"}],"wp:featuredmedia":[{"embeddable":true,"href":"https:\/\/editorapaideia.com.br\/index.php\/wp-json\/wp\/v2\/media\/1224"}],"wp:attachment":[{"href":"https:\/\/editorapaideia.com.br\/index.php\/wp-json\/wp\/v2\/media?parent=308"}],"wp:term":[{"taxonomy":"product_brand","embeddable":true,"href":"https:\/\/editorapaideia.com.br\/index.php\/wp-json\/wp\/v2\/product_brand?post=308"},{"taxonomy":"product_cat","embeddable":true,"href":"https:\/\/editorapaideia.com.br\/index.php\/wp-json\/wp\/v2\/product_cat?post=308"},{"taxonomy":"product_tag","embeddable":true,"href":"https:\/\/editorapaideia.com.br\/index.php\/wp-json\/wp\/v2\/product_tag?post=308"}],"curies":[{"name":"wp","href":"https:\/\/api.w.org\/{rel}","templated":true}]}}