{"id":306,"date":"2020-10-23T18:56:52","date_gmt":"2020-10-23T15:56:52","guid":{"rendered":"https:\/\/startertemplatecloud.com\/e02\/?post_type=product&#038;p=306"},"modified":"2025-12-22T16:56:16","modified_gmt":"2025-12-22T19:56:16","slug":"trianglepy","status":"publish","type":"product","link":"https:\/\/editorapaideia.com.br\/index.php\/produto\/trianglepy\/","title":{"rendered":"Um Deus Vigia o Planalto"},"content":{"rendered":"<p><strong>Formato:<\/strong>\u00a014&#215;21 &#8211; 128 p\u00e1ginas<\/p>\n<p>Herculano Pires escreveu \u201cUm Deus Vigia o Planalto\u201d, uma bela e curiosa alegoria sobre a funda\u00e7\u00e3o e o desenvolvimento de S\u00e3o Paulo at\u00e9 o s\u00e9culo vinte com personagens-s\u00edmbolos. Alaor, por exemplo, simboliza a inquieta\u00e7\u00e3o, o inconformismo do paulistano diante da situa\u00e7\u00e3o do pa\u00eds e do mundo e a procura da solu\u00e7\u00e3o para os problemas do s\u00e9culo vinte atrav\u00e9s de f\u00f3rmulas e signos puramente intelectuais. Os fatos principais da hist\u00f3ria paulistana s\u00e3o apresentados no livro em \u201cflashes\u201d liter\u00e1rios que Herculano Pires publicou, primeiramente, como folhetim no \u201cDi\u00e1rio da Noite\u201d em 1954.<\/p>\n","protected":false},"excerpt":{"rendered":"<p>Os fatos principais da hist\u00f3ria paulistana s\u00e3o apresentados no livro em \u201cflashes\u201d liter\u00e1rios que Herculano Pires publicou, primeiramente, como folhetim no \u201cDi\u00e1rio da Noite\u201d em 1954.<\/p>\n","protected":false},"featured_media":1271,"comment_status":"open","ping_status":"closed","template":"","meta":{"_kadence_starter_templates_imported_post":true,"_kad_post_transparent":"default","_kad_post_title":"","_kad_post_layout":"default","_kad_post_sidebar_id":"","_kad_post_content_style":"default","_kad_post_vertical_padding":"default","_kad_post_feature":"","_kad_post_feature_position":"","_kad_post_header":false,"_kad_post_footer":false},"product_brand":[],"product_cat":[17,36],"product_tag":[],"class_list":{"0":"post-306","1":"product","2":"type-product","3":"status-publish","4":"has-post-thumbnail","6":"product_cat-romances","7":"product_cat-romances-espiritas","9":"first","10":"instock","11":"featured","12":"shipping-taxable","13":"purchasable","14":"product-type-simple","15":"entry","16":"content-bg","17":"loop-entry"},"_links":{"self":[{"href":"https:\/\/editorapaideia.com.br\/index.php\/wp-json\/wp\/v2\/product\/306","targetHints":{"allow":["GET"]}}],"collection":[{"href":"https:\/\/editorapaideia.com.br\/index.php\/wp-json\/wp\/v2\/product"}],"about":[{"href":"https:\/\/editorapaideia.com.br\/index.php\/wp-json\/wp\/v2\/types\/product"}],"replies":[{"embeddable":true,"href":"https:\/\/editorapaideia.com.br\/index.php\/wp-json\/wp\/v2\/comments?post=306"}],"wp:featuredmedia":[{"embeddable":true,"href":"https:\/\/editorapaideia.com.br\/index.php\/wp-json\/wp\/v2\/media\/1271"}],"wp:attachment":[{"href":"https:\/\/editorapaideia.com.br\/index.php\/wp-json\/wp\/v2\/media?parent=306"}],"wp:term":[{"taxonomy":"product_brand","embeddable":true,"href":"https:\/\/editorapaideia.com.br\/index.php\/wp-json\/wp\/v2\/product_brand?post=306"},{"taxonomy":"product_cat","embeddable":true,"href":"https:\/\/editorapaideia.com.br\/index.php\/wp-json\/wp\/v2\/product_cat?post=306"},{"taxonomy":"product_tag","embeddable":true,"href":"https:\/\/editorapaideia.com.br\/index.php\/wp-json\/wp\/v2\/product_tag?post=306"}],"curies":[{"name":"wp","href":"https:\/\/api.w.org\/{rel}","templated":true}]}}