{"id":239,"date":"2020-10-23T13:06:25","date_gmt":"2020-10-23T10:06:25","guid":{"rendered":"https:\/\/startertemplatecloud.com\/e02\/?post_type=product&#038;p=239"},"modified":"2026-01-29T09:48:17","modified_gmt":"2026-01-29T12:48:17","slug":"t-shirt-four","status":"publish","type":"product","link":"https:\/\/editorapaideia.com.br\/index.php\/produto\/t-shirt-four\/","title":{"rendered":"Introdu\u00e7\u00e3o ao Espiritismo"},"content":{"rendered":"<p><b>Formato:<\/b>\u00a014&#215;21 &#8211; 533 p\u00e1ginas<\/p>\n<p>A f\u00e9 raciocinada, aquela que se estriba nos fatos e na l\u00f3gica, n\u00e3o deixa nada obscuro. Cr\u00ea-se porque se tem certeza, e s\u00f3 se tem certeza porque se compreendeu. A\u00ed est\u00e3o porque ela n\u00e3o se altera, pois a f\u00e9 inabal\u00e1vel \u00e9 somente aquela que pode encarar a raz\u00e3o face a face em todas as \u00e9pocas da humanidade.<\/p>\n<p>&nbsp;<\/p>\n","protected":false},"excerpt":{"rendered":"<p>A f\u00e9 raciocinada, aquela que se estriba nos fatos e na l\u00f3gica, n\u00e3o deixa nada obscuro. Cr\u00ea-se porque se tem certeza, e s\u00f3 se tem certeza porque se compreendeu. A\u00ed est\u00e3o porque ela n\u00e3o se altera, pois a f\u00e9 inabal\u00e1vel \u00e9 somente aquela que pode encarar a raz\u00e3o face a face em todas as \u00e9pocas da humanidade.<\/p>\n","protected":false},"featured_media":1262,"comment_status":"open","ping_status":"closed","template":"","meta":{"_kadence_starter_templates_imported_post":true,"_kad_post_transparent":"default","_kad_post_title":"","_kad_post_layout":"default","_kad_post_sidebar_id":"","_kad_post_content_style":"default","_kad_post_vertical_padding":"default","_kad_post_feature":"","_kad_post_feature_position":"","_kad_post_header":false,"_kad_post_footer":false},"product_brand":[],"product_cat":[19],"product_tag":[],"class_list":{"0":"post-239","1":"product","2":"type-product","3":"status-publish","4":"has-post-thumbnail","6":"product_cat-estudos","8":"first","9":"instock","10":"featured","11":"shipping-taxable","12":"purchasable","13":"product-type-simple","14":"entry","15":"content-bg","16":"loop-entry"},"_links":{"self":[{"href":"https:\/\/editorapaideia.com.br\/index.php\/wp-json\/wp\/v2\/product\/239","targetHints":{"allow":["GET"]}}],"collection":[{"href":"https:\/\/editorapaideia.com.br\/index.php\/wp-json\/wp\/v2\/product"}],"about":[{"href":"https:\/\/editorapaideia.com.br\/index.php\/wp-json\/wp\/v2\/types\/product"}],"replies":[{"embeddable":true,"href":"https:\/\/editorapaideia.com.br\/index.php\/wp-json\/wp\/v2\/comments?post=239"}],"wp:featuredmedia":[{"embeddable":true,"href":"https:\/\/editorapaideia.com.br\/index.php\/wp-json\/wp\/v2\/media\/1262"}],"wp:attachment":[{"href":"https:\/\/editorapaideia.com.br\/index.php\/wp-json\/wp\/v2\/media?parent=239"}],"wp:term":[{"taxonomy":"product_brand","embeddable":true,"href":"https:\/\/editorapaideia.com.br\/index.php\/wp-json\/wp\/v2\/product_brand?post=239"},{"taxonomy":"product_cat","embeddable":true,"href":"https:\/\/editorapaideia.com.br\/index.php\/wp-json\/wp\/v2\/product_cat?post=239"},{"taxonomy":"product_tag","embeddable":true,"href":"https:\/\/editorapaideia.com.br\/index.php\/wp-json\/wp\/v2\/product_tag?post=239"}],"curies":[{"name":"wp","href":"https:\/\/api.w.org\/{rel}","templated":true}]}}