{"id":238,"date":"2020-10-23T13:05:56","date_gmt":"2020-10-23T10:05:56","guid":{"rendered":"https:\/\/startertemplatecloud.com\/e02\/?post_type=product&#038;p=238"},"modified":"2026-04-24T17:05:12","modified_gmt":"2026-04-24T20:05:12","slug":"t-shirt-three","status":"publish","type":"product","link":"https:\/\/editorapaideia.com.br\/index.php\/produto\/t-shirt-three\/","title":{"rendered":"Pesquisa Sobre o Amor"},"content":{"rendered":"<p><strong>Formato:<\/strong>\u00a014&#215;21 &#8211; 116 p\u00e1ginas<\/p>\n<p>\u201cPesquisa sobre o Amor\u201d foi escrito por J. Herculano Pires em 1978, aos 63 anos de idade, como s\u00edntese de sua vis\u00e3o human\u00edstica e filos\u00f3fica da sociedade. No livro, Herculano procura a vit\u00f3ria do amor, colocando-o como a vit\u00f3ria do homem e da mulher, via conhecimento de sua natureza biopsico-espiritual. Para isso, o escritor, utiliza-se de linguagem filos\u00f3fica ou bem expl\u00edcita, como quando afirma que \u201cA sexualidade \u00e9 a condi\u00e7\u00e3o que deve concretizar no tempo hist\u00f3rico o poder criador do homem e da mulher, na conjuga\u00e7\u00e3o afetiva dos elementos biol\u00f3gicos, sob a reg\u00eancia do Amor\u201d. E acrescenta: \u201cO sexo \u00e9 o instrumento dessa realiza\u00e7\u00e3o gen\u00e9tica que exige do casal humano a doa\u00e7\u00e3o total dos poderes espirituais e corporais nele concentrados no ato da cria\u00e7\u00e3o\u201d<\/p>\n","protected":false},"excerpt":{"rendered":"<p>Neste livro, o autor penetra em terreno de extrema atualidade para decifrar a paix\u00e3o, a atra\u00e7\u00e3o sexual, a solid\u00e3o, o romantismo, a juventude e a velhice, cotejando sua vis\u00e3o com a de outros pensadores, como as de Jean-Paul Sartre e Simone de Beauvoir.<\/p>\n","protected":false},"featured_media":1267,"comment_status":"open","ping_status":"closed","template":"","meta":{"_kadence_starter_templates_imported_post":true,"_kad_post_transparent":"default","_kad_post_title":"","_kad_post_layout":"default","_kad_post_sidebar_id":"","_kad_post_content_style":"default","_kad_post_vertical_padding":"default","_kad_post_feature":"","_kad_post_feature_position":"","_kad_post_header":false,"_kad_post_footer":false},"product_brand":[],"product_cat":[17,36],"product_tag":[],"class_list":{"0":"post-238","1":"product","2":"type-product","3":"status-publish","4":"has-post-thumbnail","6":"product_cat-romances","7":"product_cat-romances-espiritas","9":"first","10":"instock","11":"featured","12":"shipping-taxable","13":"purchasable","14":"product-type-simple","15":"entry","16":"content-bg","17":"loop-entry"},"_links":{"self":[{"href":"https:\/\/editorapaideia.com.br\/index.php\/wp-json\/wp\/v2\/product\/238","targetHints":{"allow":["GET"]}}],"collection":[{"href":"https:\/\/editorapaideia.com.br\/index.php\/wp-json\/wp\/v2\/product"}],"about":[{"href":"https:\/\/editorapaideia.com.br\/index.php\/wp-json\/wp\/v2\/types\/product"}],"replies":[{"embeddable":true,"href":"https:\/\/editorapaideia.com.br\/index.php\/wp-json\/wp\/v2\/comments?post=238"}],"wp:featuredmedia":[{"embeddable":true,"href":"https:\/\/editorapaideia.com.br\/index.php\/wp-json\/wp\/v2\/media\/1267"}],"wp:attachment":[{"href":"https:\/\/editorapaideia.com.br\/index.php\/wp-json\/wp\/v2\/media?parent=238"}],"wp:term":[{"taxonomy":"product_brand","embeddable":true,"href":"https:\/\/editorapaideia.com.br\/index.php\/wp-json\/wp\/v2\/product_brand?post=238"},{"taxonomy":"product_cat","embeddable":true,"href":"https:\/\/editorapaideia.com.br\/index.php\/wp-json\/wp\/v2\/product_cat?post=238"},{"taxonomy":"product_tag","embeddable":true,"href":"https:\/\/editorapaideia.com.br\/index.php\/wp-json\/wp\/v2\/product_tag?post=238"}],"curies":[{"name":"wp","href":"https:\/\/api.w.org\/{rel}","templated":true}]}}