{"id":2250,"date":"2025-11-24T18:50:30","date_gmt":"2025-11-24T21:50:30","guid":{"rendered":"https:\/\/editorapaideia.com.br\/?post_type=product&#038;p=2250"},"modified":"2026-02-21T11:39:52","modified_gmt":"2026-02-21T14:39:52","slug":"prefacios-e-apresentacoes","status":"publish","type":"product","link":"https:\/\/editorapaideia.com.br\/index.php\/produto\/prefacios-e-apresentacoes\/","title":{"rendered":"Pref\u00e1cios e Apresenta\u00e7\u00f5es"},"content":{"rendered":"<p class=\"p1\"><span class=\"s1\">Autor: J. Herculano Pires<br \/>\n<\/span><span style=\"font-family: var(--global-body-font-family);\">Organiza\u00e7\u00e3o e Notas: Rita Foelker<\/span><\/p>\n<p class=\"p1\"><span class=\"s1\">Formato: 16 x 23 cm<\/span><\/p>\n<p class=\"p1\"><span class=\"s1\">N\u00famero de p\u00e1ginas: 352<\/span><\/p>\n","protected":false},"excerpt":{"rendered":"<p class=\"p1\"><span class=\"s1\">Autor: J. Herculano Pires<\/span><\/p>\n<p class=\"p1\"><span class=\"s1\">Organiza\u00e7\u00e3o e Notas: Rita Foelker<\/span><\/p>\n<p class=\"p1\"><span class=\"s1\">Formato: 16 x 23 cm<\/span><\/p>\n<p class=\"p1\" style=\"text-align: left;\"><span class=\"s1\">N\u00famero de p\u00e1ginas: 352<\/span><\/p>\n","protected":false},"featured_media":2251,"comment_status":"open","ping_status":"closed","template":"","meta":{"_kadence_starter_templates_imported_post":false,"_kad_post_transparent":"default","_kad_post_title":"","_kad_post_layout":"default","_kad_post_sidebar_id":"","_kad_post_content_style":"default","_kad_post_vertical_padding":"default","_kad_post_feature":"","_kad_post_feature_position":"","_kad_post_header":false,"_kad_post_footer":false},"product_brand":[],"product_cat":[19],"product_tag":[65,66],"class_list":{"0":"post-2250","1":"product","2":"type-product","3":"status-publish","4":"has-post-thumbnail","6":"product_cat-estudos","7":"product_tag-herculano","8":"product_tag-notas","10":"first","11":"instock","12":"shipping-taxable","13":"purchasable","14":"product-type-simple","15":"entry","16":"content-bg","17":"loop-entry"},"_links":{"self":[{"href":"https:\/\/editorapaideia.com.br\/index.php\/wp-json\/wp\/v2\/product\/2250","targetHints":{"allow":["GET"]}}],"collection":[{"href":"https:\/\/editorapaideia.com.br\/index.php\/wp-json\/wp\/v2\/product"}],"about":[{"href":"https:\/\/editorapaideia.com.br\/index.php\/wp-json\/wp\/v2\/types\/product"}],"replies":[{"embeddable":true,"href":"https:\/\/editorapaideia.com.br\/index.php\/wp-json\/wp\/v2\/comments?post=2250"}],"wp:featuredmedia":[{"embeddable":true,"href":"https:\/\/editorapaideia.com.br\/index.php\/wp-json\/wp\/v2\/media\/2251"}],"wp:attachment":[{"href":"https:\/\/editorapaideia.com.br\/index.php\/wp-json\/wp\/v2\/media?parent=2250"}],"wp:term":[{"taxonomy":"product_brand","embeddable":true,"href":"https:\/\/editorapaideia.com.br\/index.php\/wp-json\/wp\/v2\/product_brand?post=2250"},{"taxonomy":"product_cat","embeddable":true,"href":"https:\/\/editorapaideia.com.br\/index.php\/wp-json\/wp\/v2\/product_cat?post=2250"},{"taxonomy":"product_tag","embeddable":true,"href":"https:\/\/editorapaideia.com.br\/index.php\/wp-json\/wp\/v2\/product_tag?post=2250"}],"curies":[{"name":"wp","href":"https:\/\/api.w.org\/{rel}","templated":true}]}}