{"id":2204,"date":"2025-08-11T14:33:54","date_gmt":"2025-08-11T17:33:54","guid":{"rendered":"https:\/\/editorapaideia.com.br\/?post_type=product&#038;p=2204"},"modified":"2025-12-22T12:10:06","modified_gmt":"2025-12-22T15:10:06","slug":"o-espirito-e-o-tempo","status":"publish","type":"product","link":"https:\/\/editorapaideia.com.br\/index.php\/produto\/o-espirito-e-o-tempo\/","title":{"rendered":"O ESPIRITO E O TEMPO"},"content":{"rendered":"<p>NOVA EDI\u00c7\u00c3O<br \/>\nO homem \u00e9 incoer\u00eancia e paix\u00e3o, labareda esquiva que se apaga nas cinzas, mas o esp\u00edrito \u00e9 a centelha oculta que nunca se apaga e reacender\u00e1 a chama quantas vezes for necess\u00e1rio, para que a serenidade, a coer\u00eancia e o amor o resgatem na dura\u00e7\u00e3o dos s\u00e9culos e dos mil\u00eanios.<br \/>\nFormato: 16&#215;23<br \/>\nPaginas:\u00a0 \u00a0368<\/p>\n","protected":false},"excerpt":{"rendered":"<p>NOVA EDI\u00c7\u00c3O O homem \u00e9 incoer\u00eancia e paix\u00e3o, labareda esquiva que se apaga nas cinzas, mas o esp\u00edrito \u00e9 a centelha oculta que nunca se apaga e reacender\u00e1 a chama quantas vezes for necess\u00e1rio, para que a serenidade, a coer\u00eancia e o amor o resgatem na dura\u00e7\u00e3o dos s\u00e9culos e dos mil\u00eanios. Formato: 16&#215;23 Paginas:\u00a0&#8230;<\/p>\n","protected":false},"featured_media":2205,"comment_status":"open","ping_status":"closed","template":"","meta":{"_kadence_starter_templates_imported_post":false,"_kad_post_transparent":"default","_kad_post_title":"","_kad_post_layout":"default","_kad_post_sidebar_id":"","_kad_post_content_style":"default","_kad_post_vertical_padding":"default","_kad_post_feature":"","_kad_post_feature_position":"","_kad_post_header":false,"_kad_post_footer":false},"product_brand":[],"product_cat":[19,32],"product_tag":[],"class_list":{"0":"post-2204","1":"product","2":"type-product","3":"status-publish","4":"has-post-thumbnail","6":"product_cat-estudos","7":"product_cat-filosofia","9":"first","10":"instock","11":"shipping-taxable","12":"purchasable","13":"product-type-simple","14":"entry","15":"content-bg","16":"loop-entry"},"_links":{"self":[{"href":"https:\/\/editorapaideia.com.br\/index.php\/wp-json\/wp\/v2\/product\/2204","targetHints":{"allow":["GET"]}}],"collection":[{"href":"https:\/\/editorapaideia.com.br\/index.php\/wp-json\/wp\/v2\/product"}],"about":[{"href":"https:\/\/editorapaideia.com.br\/index.php\/wp-json\/wp\/v2\/types\/product"}],"replies":[{"embeddable":true,"href":"https:\/\/editorapaideia.com.br\/index.php\/wp-json\/wp\/v2\/comments?post=2204"}],"wp:featuredmedia":[{"embeddable":true,"href":"https:\/\/editorapaideia.com.br\/index.php\/wp-json\/wp\/v2\/media\/2205"}],"wp:attachment":[{"href":"https:\/\/editorapaideia.com.br\/index.php\/wp-json\/wp\/v2\/media?parent=2204"}],"wp:term":[{"taxonomy":"product_brand","embeddable":true,"href":"https:\/\/editorapaideia.com.br\/index.php\/wp-json\/wp\/v2\/product_brand?post=2204"},{"taxonomy":"product_cat","embeddable":true,"href":"https:\/\/editorapaideia.com.br\/index.php\/wp-json\/wp\/v2\/product_cat?post=2204"},{"taxonomy":"product_tag","embeddable":true,"href":"https:\/\/editorapaideia.com.br\/index.php\/wp-json\/wp\/v2\/product_tag?post=2204"}],"curies":[{"name":"wp","href":"https:\/\/api.w.org\/{rel}","templated":true}]}}