{"id":2126,"date":"2024-11-19T18:15:49","date_gmt":"2024-11-19T21:15:49","guid":{"rendered":"https:\/\/editorapaideia.com.br\/?post_type=product&#038;p=2126"},"modified":"2024-12-03T15:11:55","modified_gmt":"2024-12-03T18:11:55","slug":"um-desafio-no-espaco-os-editoriais","status":"publish","type":"product","link":"https:\/\/editorapaideia.com.br\/index.php\/produto\/um-desafio-no-espaco-os-editoriais\/","title":{"rendered":"Um Desafio no Espa\u00e7o. Os Editoriais"},"content":{"rendered":"<p>A produ\u00e7\u00e3o liter\u00e1ria do prof. J. Herculano Pires alcan\u00e7ou dimens\u00f5es extraordin\u00e1rias e o fato de a Funda\u00e7\u00e3o Maria Virg\u00ednia e J. Herculano Pires estar, desde sua cria\u00e7\u00e3o, em 2001, trabalhando sobre o material deixado por ele, \u00e9 uma prova inconteste dessa produ\u00e7\u00e3o.<br \/>\nDentre os muitos frutos desse trabalho, estamos publicando a s\u00e9rie No Limiar do Amanh\u00e3, quatro volumes que re\u00fanem as perguntas de ouvintes e as respostas de Herculano no r\u00e1dio, durante o programa No Limiar do Amanh\u00e3, pela primeira vez, organizadas por temas.<br \/>\nO Volume 4 cont\u00e9m editoriais selecionados, que s\u00e3o as falas de Herculano na abertura de cada transmiss\u00e3o.<br \/>\nUm material riqu\u00edssimo que \u00e9 obrigat\u00f3rio nas bibliotecas dos pesquisadores e estudiosos, mas que tamb\u00e9m se dirige aos interessados nas quest\u00f5es abordadas e que tragam d\u00favidas sobre a multiplicidade de assuntos ali tratados, entre eles temas doutrin\u00e1rios, Educa\u00e7\u00e3o Esp\u00edrita, personalidades esp\u00edritas relevantes e fatos da \u00e9poca com a sua intepreta\u00e7\u00e3o e coment\u00e1rios.<\/p>\n","protected":false},"excerpt":{"rendered":"<p>Dentre os muitos frutos desse trabalho, estamos publicando a s\u00e9rie No Limiar do Amanh\u00e3, quatro volumes que re\u00fanem as perguntas de ouvintes e as respostas de Herculano no r\u00e1dio, durante o programa No Limiar do Amanh\u00e3, pela primeira vez, organizadas por temas.<\/p>\n","protected":false},"featured_media":2127,"comment_status":"open","ping_status":"closed","template":"","meta":{"_kadence_starter_templates_imported_post":false,"_kad_post_transparent":"default","_kad_post_title":"","_kad_post_layout":"default","_kad_post_sidebar_id":"","_kad_post_content_style":"default","_kad_post_vertical_padding":"default","_kad_post_feature":"","_kad_post_feature_position":"","_kad_post_header":false,"_kad_post_footer":false},"product_brand":[],"product_cat":[15],"product_tag":[],"class_list":{"0":"post-2126","1":"product","2":"type-product","3":"status-publish","4":"has-post-thumbnail","6":"product_cat-sem-categoria","8":"first","9":"instock","10":"shipping-taxable","11":"purchasable","12":"product-type-simple","13":"entry","14":"content-bg","15":"loop-entry"},"_links":{"self":[{"href":"https:\/\/editorapaideia.com.br\/index.php\/wp-json\/wp\/v2\/product\/2126","targetHints":{"allow":["GET"]}}],"collection":[{"href":"https:\/\/editorapaideia.com.br\/index.php\/wp-json\/wp\/v2\/product"}],"about":[{"href":"https:\/\/editorapaideia.com.br\/index.php\/wp-json\/wp\/v2\/types\/product"}],"replies":[{"embeddable":true,"href":"https:\/\/editorapaideia.com.br\/index.php\/wp-json\/wp\/v2\/comments?post=2126"}],"wp:featuredmedia":[{"embeddable":true,"href":"https:\/\/editorapaideia.com.br\/index.php\/wp-json\/wp\/v2\/media\/2127"}],"wp:attachment":[{"href":"https:\/\/editorapaideia.com.br\/index.php\/wp-json\/wp\/v2\/media?parent=2126"}],"wp:term":[{"taxonomy":"product_brand","embeddable":true,"href":"https:\/\/editorapaideia.com.br\/index.php\/wp-json\/wp\/v2\/product_brand?post=2126"},{"taxonomy":"product_cat","embeddable":true,"href":"https:\/\/editorapaideia.com.br\/index.php\/wp-json\/wp\/v2\/product_cat?post=2126"},{"taxonomy":"product_tag","embeddable":true,"href":"https:\/\/editorapaideia.com.br\/index.php\/wp-json\/wp\/v2\/product_tag?post=2126"}],"curies":[{"name":"wp","href":"https:\/\/api.w.org\/{rel}","templated":true}]}}