{"id":1977,"date":"2023-10-02T19:28:52","date_gmt":"2023-10-02T22:28:52","guid":{"rendered":"https:\/\/editorapaideia.com.br\/?post_type=product&#038;p=1977"},"modified":"2026-04-24T17:05:12","modified_gmt":"2026-04-24T20:05:12","slug":"adao-e-eva-2","status":"publish","type":"product","link":"https:\/\/editorapaideia.com.br\/index.php\/produto\/adao-e-eva-2\/","title":{"rendered":"Ad\u00e3o e Eva"},"content":{"rendered":"<p>Nesta novela o leitor encontra numerosas surpresas. V\u00ea Ad\u00e3o e Eva sa\u00edrem do barro do \u00c9den, Caim casar-se com Eli\u00e1, filha de ferreiros do Pa\u00eds de Nod, a Serpente do \u00c9den ser exposta ao p\u00fablico daquele tempo por No\u00e9, o bonach\u00e3o construtor da Arca, No\u00e9 oferecer um banquete de carnes assadas a Iav\u00e9, Deus de Israel, o pacto de uma nova alian\u00e7a no Monte Ararat, Ad\u00e3o e Eva, velhinhos de nove s\u00e9culos, descobrirem os segredos do \u00c9den, e os judeus invadirem Cana\u00e3, destruindo sua civiliza\u00e7\u00e3o. Uma revolu\u00e7\u00e3o na B\u00edblia.<\/p>\n","protected":false},"excerpt":{"rendered":"<p>Nesta novela o leitor encontra numerosas surpresas. V\u00ea Ad\u00e3o e Eva sa\u00edrem do barro do \u00c9den, Caim casar-se com Eli\u00e1, filha de ferreiros do Pa\u00eds de Nod, a Serpente do \u00c9den ser exposta ao p\u00fablico daquele tempo por No\u00e9, o bonach\u00e3o&#8230;<\/p>\n","protected":false},"featured_media":1978,"comment_status":"open","ping_status":"closed","template":"","meta":{"_kadence_starter_templates_imported_post":false,"_kad_post_transparent":"default","_kad_post_title":"","_kad_post_layout":"default","_kad_post_sidebar_id":"","_kad_post_content_style":"default","_kad_post_vertical_padding":"default","_kad_post_feature":"","_kad_post_feature_position":"","_kad_post_header":false,"_kad_post_footer":false},"product_brand":[],"product_cat":[17,36,37],"product_tag":[57,55,61,60,64,58,63,62,59,56],"class_list":{"0":"post-1977","1":"product","2":"type-product","3":"status-publish","4":"has-post-thumbnail","6":"product_cat-romances","7":"product_cat-romances-espiritas","8":"product_cat-romances-historicos","9":"product_tag-adao","10":"product_tag-biblia","11":"product_tag-canaa","12":"product_tag-deus","13":"product_tag-eden","14":"product_tag-eva","15":"product_tag-monte-ararat","16":"product_tag-noe","17":"product_tag-paraiso","18":"product_tag-romance","20":"first","21":"instock","22":"shipping-taxable","23":"purchasable","24":"product-type-simple","25":"entry","26":"content-bg","27":"loop-entry"},"_links":{"self":[{"href":"https:\/\/editorapaideia.com.br\/index.php\/wp-json\/wp\/v2\/product\/1977","targetHints":{"allow":["GET"]}}],"collection":[{"href":"https:\/\/editorapaideia.com.br\/index.php\/wp-json\/wp\/v2\/product"}],"about":[{"href":"https:\/\/editorapaideia.com.br\/index.php\/wp-json\/wp\/v2\/types\/product"}],"replies":[{"embeddable":true,"href":"https:\/\/editorapaideia.com.br\/index.php\/wp-json\/wp\/v2\/comments?post=1977"}],"wp:featuredmedia":[{"embeddable":true,"href":"https:\/\/editorapaideia.com.br\/index.php\/wp-json\/wp\/v2\/media\/1978"}],"wp:attachment":[{"href":"https:\/\/editorapaideia.com.br\/index.php\/wp-json\/wp\/v2\/media?parent=1977"}],"wp:term":[{"taxonomy":"product_brand","embeddable":true,"href":"https:\/\/editorapaideia.com.br\/index.php\/wp-json\/wp\/v2\/product_brand?post=1977"},{"taxonomy":"product_cat","embeddable":true,"href":"https:\/\/editorapaideia.com.br\/index.php\/wp-json\/wp\/v2\/product_cat?post=1977"},{"taxonomy":"product_tag","embeddable":true,"href":"https:\/\/editorapaideia.com.br\/index.php\/wp-json\/wp\/v2\/product_tag?post=1977"}],"curies":[{"name":"wp","href":"https:\/\/api.w.org\/{rel}","templated":true}]}}