{"id":1576,"date":"2021-12-16T12:36:58","date_gmt":"2021-12-16T15:36:58","guid":{"rendered":"http:\/\/editorapaideia.com.br\/?post_type=product&#038;p=1576"},"modified":"2023-03-17T12:52:20","modified_gmt":"2023-03-17T15:52:20","slug":"hiatus-arte-memoria-e-direitos-humanos-na-america-latina","status":"publish","type":"product","link":"https:\/\/editorapaideia.com.br\/index.php\/produto\/hiatus-arte-memoria-e-direitos-humanos-na-america-latina\/","title":{"rendered":"Hiatus \u2013 Arte, Mem\u00f3ria e Direitos Humanos na Am\u00e9rica Latina"},"content":{"rendered":"<p>M\u00e1rcio Seligmann-Silva e F\u00falvia Molina<\/p>\n<p>Chega um momento em que temos de dar testemunho da nossa convic\u00e7\u00e3o, da nossa fidelidade aos princ\u00edpios que esposamos. Se n\u00e3o formos capazes de sustent\u00e1-los e defend\u00ea-los damos uma prova de inseguran\u00e7a moral e tra\u00edmos a n\u00f3s mesmos.<br \/>\nEste \u00e9 um livro de mensagens, cr\u00f4nicas, poemas e cartas, que J. Herculano Pires e Chico Xavier escolheram, para deixarem documentadas suas posi\u00e7\u00f5es, quanto \u00e0 import\u00e2ncia da defesa da obra de Kardec contra as tentativas de adultera\u00e7\u00e3o, que ocorrem dentro do pr\u00f3prio movimento esp\u00edrita.<\/p>\n","protected":false},"excerpt":{"rendered":"<p>M\u00e1rcio Seligmann-Silva e F\u00falvia Molina Chega um momento em que temos de dar testemunho da nossa convic\u00e7\u00e3o, da nossa fidelidade aos princ\u00edpios que esposamos. Se n\u00e3o formos capazes de sustent\u00e1-los e defend\u00ea-los damos uma prova de inseguran\u00e7a moral e tra\u00edmos a n\u00f3s mesmos. Este \u00e9 um livro de mensagens, cr\u00f4nicas, poemas e cartas, que J&#8230;.<\/p>\n","protected":false},"featured_media":1577,"comment_status":"open","ping_status":"closed","template":"","meta":{"_kadence_starter_templates_imported_post":false,"_kad_post_transparent":"default","_kad_post_title":"","_kad_post_layout":"default","_kad_post_sidebar_id":"","_kad_post_content_style":"default","_kad_post_vertical_padding":"default","_kad_post_feature":"","_kad_post_feature_position":"","_kad_post_header":false,"_kad_post_footer":false},"product_brand":[],"product_cat":[25],"product_tag":[],"class_list":{"0":"post-1576","1":"product","2":"type-product","3":"status-publish","4":"has-post-thumbnail","6":"product_cat-arte","8":"first","9":"instock","10":"shipping-taxable","11":"purchasable","12":"product-type-simple","13":"entry","14":"content-bg","15":"loop-entry"},"_links":{"self":[{"href":"https:\/\/editorapaideia.com.br\/index.php\/wp-json\/wp\/v2\/product\/1576","targetHints":{"allow":["GET"]}}],"collection":[{"href":"https:\/\/editorapaideia.com.br\/index.php\/wp-json\/wp\/v2\/product"}],"about":[{"href":"https:\/\/editorapaideia.com.br\/index.php\/wp-json\/wp\/v2\/types\/product"}],"replies":[{"embeddable":true,"href":"https:\/\/editorapaideia.com.br\/index.php\/wp-json\/wp\/v2\/comments?post=1576"}],"wp:featuredmedia":[{"embeddable":true,"href":"https:\/\/editorapaideia.com.br\/index.php\/wp-json\/wp\/v2\/media\/1577"}],"wp:attachment":[{"href":"https:\/\/editorapaideia.com.br\/index.php\/wp-json\/wp\/v2\/media?parent=1576"}],"wp:term":[{"taxonomy":"product_brand","embeddable":true,"href":"https:\/\/editorapaideia.com.br\/index.php\/wp-json\/wp\/v2\/product_brand?post=1576"},{"taxonomy":"product_cat","embeddable":true,"href":"https:\/\/editorapaideia.com.br\/index.php\/wp-json\/wp\/v2\/product_cat?post=1576"},{"taxonomy":"product_tag","embeddable":true,"href":"https:\/\/editorapaideia.com.br\/index.php\/wp-json\/wp\/v2\/product_tag?post=1576"}],"curies":[{"name":"wp","href":"https:\/\/api.w.org\/{rel}","templated":true}]}}