{"id":1540,"date":"2021-12-03T13:30:21","date_gmt":"2021-12-03T16:30:21","guid":{"rendered":"http:\/\/editorapaideia.com.br\/?post_type=product&#038;p=1540"},"modified":"2025-08-21T14:44:45","modified_gmt":"2025-08-21T17:44:45","slug":"vampirismo","status":"publish","type":"product","link":"https:\/\/editorapaideia.com.br\/index.php\/produto\/vampirismo\/","title":{"rendered":"VAMPIRISMO"},"content":{"rendered":"<p>Nova Edi\u00e7\u00e3o, com novas notas de rodap\u00e9 e bibliografia.<\/p>\n<p>Vivendo no plano extra f\u00edsico, os vampiros agem sobre n\u00f3s por indu\u00e7\u00e3o mental e afetiva. Induzem-nos a fazer o que desejam e que n\u00e3o podem fazer por si mesmos. Quanto mais os obedecemos, mais submissos nos tornamos.<\/p>\n<p>Este livro nos mostra que a resist\u00eancia ao \u201cvampiro\u201d \u00e9 um momento decisivo da nossa vida. Nesse momento \u00e9 que se revela, na pr\u00e1tica, o nosso livre-arb\u00edtrio, a nossa liberdade individual, a nossa capacidade de querer e fazer.<\/p>\n","protected":false},"excerpt":{"rendered":"<p>Nova Edi\u00e7\u00e3o, com novas notas de rodap\u00e9 e bibliografia. Vivendo no plano extra f\u00edsico, os vampiros agem sobre n\u00f3s por indu\u00e7\u00e3o mental e afetiva. Induzem-nos a fazer o que desejam e que n\u00e3o podem fazer por si mesmos. Quanto mais os obedecemos, mais submissos nos tornamos. Este livro nos mostra que a resist\u00eancia ao \u201cvampiro\u201d&#8230;<\/p>\n","protected":false},"featured_media":2091,"comment_status":"open","ping_status":"closed","template":"","meta":{"_kadence_starter_templates_imported_post":false,"_kad_post_transparent":"default","_kad_post_title":"","_kad_post_layout":"default","_kad_post_sidebar_id":"","_kad_post_content_style":"default","_kad_post_vertical_padding":"default","_kad_post_feature":"","_kad_post_feature_position":"","_kad_post_header":false,"_kad_post_footer":false},"product_brand":[],"product_cat":[31,19],"product_tag":[],"class_list":{"0":"post-1540","1":"product","2":"type-product","3":"status-publish","4":"has-post-thumbnail","6":"product_cat-doutrina-espirita","7":"product_cat-estudos","9":"first","10":"instock","11":"shipping-taxable","12":"purchasable","13":"product-type-simple","14":"entry","15":"content-bg","16":"loop-entry"},"_links":{"self":[{"href":"https:\/\/editorapaideia.com.br\/index.php\/wp-json\/wp\/v2\/product\/1540","targetHints":{"allow":["GET"]}}],"collection":[{"href":"https:\/\/editorapaideia.com.br\/index.php\/wp-json\/wp\/v2\/product"}],"about":[{"href":"https:\/\/editorapaideia.com.br\/index.php\/wp-json\/wp\/v2\/types\/product"}],"replies":[{"embeddable":true,"href":"https:\/\/editorapaideia.com.br\/index.php\/wp-json\/wp\/v2\/comments?post=1540"}],"wp:featuredmedia":[{"embeddable":true,"href":"https:\/\/editorapaideia.com.br\/index.php\/wp-json\/wp\/v2\/media\/2091"}],"wp:attachment":[{"href":"https:\/\/editorapaideia.com.br\/index.php\/wp-json\/wp\/v2\/media?parent=1540"}],"wp:term":[{"taxonomy":"product_brand","embeddable":true,"href":"https:\/\/editorapaideia.com.br\/index.php\/wp-json\/wp\/v2\/product_brand?post=1540"},{"taxonomy":"product_cat","embeddable":true,"href":"https:\/\/editorapaideia.com.br\/index.php\/wp-json\/wp\/v2\/product_cat?post=1540"},{"taxonomy":"product_tag","embeddable":true,"href":"https:\/\/editorapaideia.com.br\/index.php\/wp-json\/wp\/v2\/product_tag?post=1540"}],"curies":[{"name":"wp","href":"https:\/\/api.w.org\/{rel}","templated":true}]}}