{"id":1539,"date":"2021-12-03T13:27:53","date_gmt":"2021-12-03T16:27:53","guid":{"rendered":"http:\/\/editorapaideia.com.br\/?post_type=product&#038;p=1539"},"modified":"2021-12-08T15:33:14","modified_gmt":"2021-12-08T18:33:14","slug":"revisao-do-cristianismo","status":"publish","type":"product","link":"https:\/\/editorapaideia.com.br\/index.php\/produto\/revisao-do-cristianismo\/","title":{"rendered":"REVIS\u00c3O DO CRISTIANISMO"},"content":{"rendered":"<p>Obra que nos oferece uma vis\u00e3o hist\u00f3rica do fen\u00f4meno crist\u00e3o e das suas dimens\u00f5es espirituais, com base nas pesquisas universit\u00e1rias de suas origens e do seu desenvolvimento na era mitol\u00f3gica.<\/p>\n<p>\u00c9 um livro de estudo e, n\u00e3o, de pol\u00eamica. Prop\u00f5e a revis\u00e3o total do cristianismo atual como exig\u00eancia irrevog\u00e1vel da \u201cEra C\u00f3smica\u201d, em que estamos entrando. A figura de Jesus de Nazar\u00e9 se reintegra na sua verdadeira condi\u00e7\u00e3o humana.<\/p>\n","protected":false},"excerpt":{"rendered":"<p>Obra que nos oferece uma vis\u00e3o hist\u00f3rica do fen\u00f4meno crist\u00e3o e das suas dimens\u00f5es espirituais, com base nas pesquisas universit\u00e1rias de suas origens e do seu desenvolvimento na era mitol\u00f3gica. \u00c9 um livro de estudo e, n\u00e3o, de pol\u00eamica. Prop\u00f5e a revis\u00e3o total do cristianismo atual como exig\u00eancia irrevog\u00e1vel da \u201cEra C\u00f3smica\u201d, em que estamos&#8230;<\/p>\n","protected":false},"featured_media":1564,"comment_status":"open","ping_status":"closed","template":"","meta":{"_kadence_starter_templates_imported_post":false,"_kad_post_transparent":"default","_kad_post_title":"","_kad_post_layout":"default","_kad_post_sidebar_id":"","_kad_post_content_style":"default","_kad_post_vertical_padding":"default","_kad_post_feature":"","_kad_post_feature_position":"","_kad_post_header":false,"_kad_post_footer":false},"product_brand":[],"product_cat":[31,19],"product_tag":[],"class_list":{"0":"post-1539","1":"product","2":"type-product","3":"status-publish","4":"has-post-thumbnail","6":"product_cat-doutrina-espirita","7":"product_cat-estudos","9":"first","10":"instock","11":"shipping-taxable","12":"purchasable","13":"product-type-simple","14":"entry","15":"content-bg","16":"loop-entry"},"_links":{"self":[{"href":"https:\/\/editorapaideia.com.br\/index.php\/wp-json\/wp\/v2\/product\/1539","targetHints":{"allow":["GET"]}}],"collection":[{"href":"https:\/\/editorapaideia.com.br\/index.php\/wp-json\/wp\/v2\/product"}],"about":[{"href":"https:\/\/editorapaideia.com.br\/index.php\/wp-json\/wp\/v2\/types\/product"}],"replies":[{"embeddable":true,"href":"https:\/\/editorapaideia.com.br\/index.php\/wp-json\/wp\/v2\/comments?post=1539"}],"wp:featuredmedia":[{"embeddable":true,"href":"https:\/\/editorapaideia.com.br\/index.php\/wp-json\/wp\/v2\/media\/1564"}],"wp:attachment":[{"href":"https:\/\/editorapaideia.com.br\/index.php\/wp-json\/wp\/v2\/media?parent=1539"}],"wp:term":[{"taxonomy":"product_brand","embeddable":true,"href":"https:\/\/editorapaideia.com.br\/index.php\/wp-json\/wp\/v2\/product_brand?post=1539"},{"taxonomy":"product_cat","embeddable":true,"href":"https:\/\/editorapaideia.com.br\/index.php\/wp-json\/wp\/v2\/product_cat?post=1539"},{"taxonomy":"product_tag","embeddable":true,"href":"https:\/\/editorapaideia.com.br\/index.php\/wp-json\/wp\/v2\/product_tag?post=1539"}],"curies":[{"name":"wp","href":"https:\/\/api.w.org\/{rel}","templated":true}]}}