{"id":1537,"date":"2021-12-03T13:25:34","date_gmt":"2021-12-03T16:25:34","guid":{"rendered":"http:\/\/editorapaideia.com.br\/?post_type=product&#038;p=1537"},"modified":"2025-12-22T16:54:14","modified_gmt":"2025-12-22T19:54:14","slug":"relacao-espirito-corpo","status":"publish","type":"product","link":"https:\/\/editorapaideia.com.br\/index.php\/produto\/relacao-espirito-corpo\/","title":{"rendered":"Rela\u00e7\u00e3o esp\u00edrito corpo"},"content":{"rendered":"<p>Livro in\u00e9dito, cujo original foi encontrado entre os mais de mil documentos doados pela fam\u00edlia Pires ao acervo da Funda\u00e7\u00e3o MVJHP. Nele Herculano Pires esclarece que o conhecimento que faltava \u00e0 ci\u00eancia, para se estabelecer um encontro entre a embriologia e a posi\u00e7\u00e3o da ci\u00eancia esp\u00edrita, quanto \u00e0 rela\u00e7\u00e3o esp\u00edrito-corpo, era o da exist\u00eancia do esp\u00edrito.<\/p>\n<p>Hoje os cientistas mais avan\u00e7ados reconhecem ser indispens\u00e1vel a exist\u00eancia de um modelo energ\u00e9tico para a estrutura\u00e7\u00e3o e manuten\u00e7\u00e3o do corpo, principalmente ap\u00f3s a descoberta dos centros padronizadores dos organismos vivos, que articulam e mant\u00eam as formas corporais animais e humanas, tornando esse encontro inevit\u00e1vel.<\/p>\n","protected":false},"excerpt":{"rendered":"<p>Livro in\u00e9dito, cujo original foi encontrado entre os mais de mil documentos doados pela fam\u00edlia Pires ao acervo da Funda\u00e7\u00e3o MVJHP. Nele Herculano Pires esclarece que o conhecimento que faltava \u00e0 ci\u00eancia, para se estabelecer um encontro entre a embriologia e a posi\u00e7\u00e3o da ci\u00eancia esp\u00edrita, quanto \u00e0 rela\u00e7\u00e3o esp\u00edrito-corpo, era o da exist\u00eancia do&#8230;<\/p>\n","protected":false},"featured_media":1538,"comment_status":"open","ping_status":"closed","template":"","meta":{"_kadence_starter_templates_imported_post":false,"_kad_post_transparent":"default","_kad_post_title":"","_kad_post_layout":"default","_kad_post_sidebar_id":"","_kad_post_content_style":"default","_kad_post_vertical_padding":"default","_kad_post_feature":"","_kad_post_feature_position":"","_kad_post_header":false,"_kad_post_footer":false},"product_brand":[],"product_cat":[31,19],"product_tag":[],"class_list":{"0":"post-1537","1":"product","2":"type-product","3":"status-publish","4":"has-post-thumbnail","6":"product_cat-doutrina-espirita","7":"product_cat-estudos","9":"first","10":"instock","11":"shipping-taxable","12":"purchasable","13":"product-type-simple","14":"entry","15":"content-bg","16":"loop-entry"},"_links":{"self":[{"href":"https:\/\/editorapaideia.com.br\/index.php\/wp-json\/wp\/v2\/product\/1537","targetHints":{"allow":["GET"]}}],"collection":[{"href":"https:\/\/editorapaideia.com.br\/index.php\/wp-json\/wp\/v2\/product"}],"about":[{"href":"https:\/\/editorapaideia.com.br\/index.php\/wp-json\/wp\/v2\/types\/product"}],"replies":[{"embeddable":true,"href":"https:\/\/editorapaideia.com.br\/index.php\/wp-json\/wp\/v2\/comments?post=1537"}],"wp:featuredmedia":[{"embeddable":true,"href":"https:\/\/editorapaideia.com.br\/index.php\/wp-json\/wp\/v2\/media\/1538"}],"wp:attachment":[{"href":"https:\/\/editorapaideia.com.br\/index.php\/wp-json\/wp\/v2\/media?parent=1537"}],"wp:term":[{"taxonomy":"product_brand","embeddable":true,"href":"https:\/\/editorapaideia.com.br\/index.php\/wp-json\/wp\/v2\/product_brand?post=1537"},{"taxonomy":"product_cat","embeddable":true,"href":"https:\/\/editorapaideia.com.br\/index.php\/wp-json\/wp\/v2\/product_cat?post=1537"},{"taxonomy":"product_tag","embeddable":true,"href":"https:\/\/editorapaideia.com.br\/index.php\/wp-json\/wp\/v2\/product_tag?post=1537"}],"curies":[{"name":"wp","href":"https:\/\/api.w.org\/{rel}","templated":true}]}}