{"id":1529,"date":"2021-12-03T13:18:09","date_gmt":"2021-12-03T16:18:09","guid":{"rendered":"http:\/\/editorapaideia.com.br\/?post_type=product&#038;p=1529"},"modified":"2021-12-03T13:18:37","modified_gmt":"2021-12-03T16:18:37","slug":"os-sonhos-de-liberdade","status":"publish","type":"product","link":"https:\/\/editorapaideia.com.br\/index.php\/produto\/os-sonhos-de-liberdade\/","title":{"rendered":"OS SONHOS DE LIBERDADE"},"content":{"rendered":"<p>Os sonhos de liberdade, at\u00e9 hoje duramente frustrados, poder\u00e3o concretizar-se na era c\u00f3smica que se inicia, se a loucura atual n\u00e3o chegar ao extremo do desencadear a guerra dos bot\u00f5es. Neste t\u00edtulo o autor relata o desenvolvimento da consci\u00eancia est\u00e9tica, que liberta o homem da arrog\u00e2ncia e da brutalidade. Esta obra foi escrita por Herculano Pires entre os anos de 1976 e 1977, ora publicadas pela editora com o intuito de resgatar o acervo completo do autor.<\/p>\n","protected":false},"excerpt":{"rendered":"<p>Os sonhos de liberdade, at\u00e9 hoje duramente frustrados, poder\u00e3o concretizar-se na era c\u00f3smica que se inicia, se a loucura atual n\u00e3o chegar ao extremo do desencadear a guerra dos bot\u00f5es. Neste t\u00edtulo o autor relata o desenvolvimento da consci\u00eancia est\u00e9tica, que liberta o homem da arrog\u00e2ncia e da brutalidade. Esta obra foi escrita por Herculano&#8230;<\/p>\n","protected":false},"featured_media":1530,"comment_status":"open","ping_status":"closed","template":"","meta":{"_kadence_starter_templates_imported_post":false,"_kad_post_transparent":"default","_kad_post_title":"","_kad_post_layout":"default","_kad_post_sidebar_id":"","_kad_post_content_style":"default","_kad_post_vertical_padding":"default","_kad_post_feature":"","_kad_post_feature_position":"","_kad_post_header":false,"_kad_post_footer":false},"product_brand":[],"product_cat":[19,32],"product_tag":[],"class_list":{"0":"post-1529","1":"product","2":"type-product","3":"status-publish","4":"has-post-thumbnail","6":"product_cat-estudos","7":"product_cat-filosofia","9":"first","10":"instock","11":"shipping-taxable","12":"purchasable","13":"product-type-simple","14":"entry","15":"content-bg","16":"loop-entry"},"_links":{"self":[{"href":"https:\/\/editorapaideia.com.br\/index.php\/wp-json\/wp\/v2\/product\/1529","targetHints":{"allow":["GET"]}}],"collection":[{"href":"https:\/\/editorapaideia.com.br\/index.php\/wp-json\/wp\/v2\/product"}],"about":[{"href":"https:\/\/editorapaideia.com.br\/index.php\/wp-json\/wp\/v2\/types\/product"}],"replies":[{"embeddable":true,"href":"https:\/\/editorapaideia.com.br\/index.php\/wp-json\/wp\/v2\/comments?post=1529"}],"wp:featuredmedia":[{"embeddable":true,"href":"https:\/\/editorapaideia.com.br\/index.php\/wp-json\/wp\/v2\/media\/1530"}],"wp:attachment":[{"href":"https:\/\/editorapaideia.com.br\/index.php\/wp-json\/wp\/v2\/media?parent=1529"}],"wp:term":[{"taxonomy":"product_brand","embeddable":true,"href":"https:\/\/editorapaideia.com.br\/index.php\/wp-json\/wp\/v2\/product_brand?post=1529"},{"taxonomy":"product_cat","embeddable":true,"href":"https:\/\/editorapaideia.com.br\/index.php\/wp-json\/wp\/v2\/product_cat?post=1529"},{"taxonomy":"product_tag","embeddable":true,"href":"https:\/\/editorapaideia.com.br\/index.php\/wp-json\/wp\/v2\/product_tag?post=1529"}],"curies":[{"name":"wp","href":"https:\/\/api.w.org\/{rel}","templated":true}]}}