{"id":1525,"date":"2021-12-03T13:13:12","date_gmt":"2021-12-03T16:13:12","guid":{"rendered":"http:\/\/editorapaideia.com.br\/?post_type=product&#038;p=1525"},"modified":"2021-12-03T13:13:13","modified_gmt":"2021-12-03T16:13:13","slug":"o-tunel-das-almas","status":"publish","type":"product","link":"https:\/\/editorapaideia.com.br\/index.php\/produto\/o-tunel-das-almas\/","title":{"rendered":"O t\u00fanel das almas"},"content":{"rendered":"<p>Um romance tolstoiano que rompe o mist\u00e9rio da morte e anuncia a revolu\u00e7\u00e3o cient\u00edfica da nova gen\u00e9tica humana.<br \/>\nA Terra desabrocha no infinito como uma rosa de p\u00e9talas humanas.<br \/>\nNunca o homem foi t\u00e3o grande na sua fragilidade mortal como neste s\u00e9culo da Epopeia C\u00f3smica.<br \/>\nMas a sua grandeza n\u00e3o nasce das entranhas da T\u00e9cnica e, sim, do seu poder mental, revelado nas pesquisas telep\u00e1ticas.<br \/>\nO g\u00eanio de Lad\u00e1rio, cientista bo\u00eamio, descobre na telepatia a chave do completo dom\u00ednio das pot\u00eancias mundiais.<br \/>\nOs homens s\u00e3o c\u00f3smicos.<\/p>\n","protected":false},"excerpt":{"rendered":"<p>Um romance tolstoiano que rompe o mist\u00e9rio da morte e anuncia a revolu\u00e7\u00e3o cient\u00edfica da nova gen\u00e9tica humana. A Terra desabrocha no infinito como uma rosa de p\u00e9talas humanas. Nunca o homem foi t\u00e3o grande na sua fragilidade mortal como neste s\u00e9culo da Epopeia C\u00f3smica. Mas a sua grandeza n\u00e3o nasce das entranhas da T\u00e9cnica&#8230;<\/p>\n","protected":false},"featured_media":1526,"comment_status":"open","ping_status":"closed","template":"","meta":{"_kadence_starter_templates_imported_post":false,"_kad_post_transparent":"default","_kad_post_title":"","_kad_post_layout":"default","_kad_post_sidebar_id":"","_kad_post_content_style":"default","_kad_post_vertical_padding":"default","_kad_post_feature":"","_kad_post_feature_position":"","_kad_post_header":false,"_kad_post_footer":false},"product_brand":[],"product_cat":[28],"product_tag":[],"class_list":{"0":"post-1525","1":"product","2":"type-product","3":"status-publish","4":"has-post-thumbnail","6":"product_cat-ficcao-cientifica","8":"first","9":"instock","10":"shipping-taxable","11":"purchasable","12":"product-type-simple","13":"entry","14":"content-bg","15":"loop-entry"},"_links":{"self":[{"href":"https:\/\/editorapaideia.com.br\/index.php\/wp-json\/wp\/v2\/product\/1525","targetHints":{"allow":["GET"]}}],"collection":[{"href":"https:\/\/editorapaideia.com.br\/index.php\/wp-json\/wp\/v2\/product"}],"about":[{"href":"https:\/\/editorapaideia.com.br\/index.php\/wp-json\/wp\/v2\/types\/product"}],"replies":[{"embeddable":true,"href":"https:\/\/editorapaideia.com.br\/index.php\/wp-json\/wp\/v2\/comments?post=1525"}],"wp:featuredmedia":[{"embeddable":true,"href":"https:\/\/editorapaideia.com.br\/index.php\/wp-json\/wp\/v2\/media\/1526"}],"wp:attachment":[{"href":"https:\/\/editorapaideia.com.br\/index.php\/wp-json\/wp\/v2\/media?parent=1525"}],"wp:term":[{"taxonomy":"product_brand","embeddable":true,"href":"https:\/\/editorapaideia.com.br\/index.php\/wp-json\/wp\/v2\/product_brand?post=1525"},{"taxonomy":"product_cat","embeddable":true,"href":"https:\/\/editorapaideia.com.br\/index.php\/wp-json\/wp\/v2\/product_cat?post=1525"},{"taxonomy":"product_tag","embeddable":true,"href":"https:\/\/editorapaideia.com.br\/index.php\/wp-json\/wp\/v2\/product_tag?post=1525"}],"curies":[{"name":"wp","href":"https:\/\/api.w.org\/{rel}","templated":true}]}}