{"id":1521,"date":"2021-12-03T13:08:28","date_gmt":"2021-12-03T16:08:28","guid":{"rendered":"http:\/\/editorapaideia.com.br\/?post_type=product&#038;p=1521"},"modified":"2021-12-03T13:08:29","modified_gmt":"2021-12-03T16:08:29","slug":"o-reino","status":"publish","type":"product","link":"https:\/\/editorapaideia.com.br\/index.php\/produto\/o-reino\/","title":{"rendered":"O REINO"},"content":{"rendered":"<p>O que \u00e9 o Reino? A resposta que este livro nos d\u00e1 \u00e9 desnorteante para os que pensam no Reino \u00e0 maneira antiga.<\/p>\n<ol>\n<li>Herculano Pires usa uma linguagem po\u00e9tica para enfrentar problemas filos\u00f3ficos, sociol\u00f3gicos, pol\u00edticos, \u00e9ticos, religiosos e antropol\u00f3gicos decorrentes de uma tese evang\u00e9lica. Tanto se tem falado e escrito do Reino em termos exclusivamente religiosos, de um religiosismo fan\u00e1tico, impregnado de supersti\u00e7\u00f5es, que muita gente h\u00e1 de torcer o nariz diante deste livro. Mas o que ele nos oferece est\u00e1 muito longe do fanatismo estreito que o progresso vai rapidamente superando.<\/li>\n<\/ol>\n<p>O Reino que este livro nos apresenta \u00e9 uma aspira\u00e7\u00e3o dos homens, um anseio profundo e secreto da alma humana que se traduz em sonhos, utopias, ideologias, lutas pol\u00edticas etc. Apesar de tudo o Reino continua a atrair os homens. Por isso aparece o mensageiro do Reino, que explica o seu mist\u00e9rio e a sua aparente contradi\u00e7\u00e3o. Vale a pena saber o que diz esse mensageiro.<\/p>\n","protected":false},"excerpt":{"rendered":"<p>O que \u00e9 o Reino? A resposta que este livro nos d\u00e1 \u00e9 desnorteante para os que pensam no Reino \u00e0 maneira antiga. Herculano Pires usa uma linguagem po\u00e9tica para enfrentar problemas filos\u00f3ficos, sociol\u00f3gicos, pol\u00edticos, \u00e9ticos, religiosos e antropol\u00f3gicos decorrentes de uma tese evang\u00e9lica. Tanto se tem falado e escrito do Reino em termos exclusivamente&#8230;<\/p>\n","protected":false},"featured_media":1522,"comment_status":"open","ping_status":"closed","template":"","meta":{"_kadence_starter_templates_imported_post":false,"_kad_post_transparent":"default","_kad_post_title":"","_kad_post_layout":"default","_kad_post_sidebar_id":"","_kad_post_content_style":"default","_kad_post_vertical_padding":"default","_kad_post_feature":"","_kad_post_feature_position":"","_kad_post_header":false,"_kad_post_footer":false},"product_brand":[],"product_cat":[19,32],"product_tag":[],"class_list":{"0":"post-1521","1":"product","2":"type-product","3":"status-publish","4":"has-post-thumbnail","6":"product_cat-estudos","7":"product_cat-filosofia","9":"first","10":"instock","11":"shipping-taxable","12":"purchasable","13":"product-type-simple","14":"entry","15":"content-bg","16":"loop-entry"},"_links":{"self":[{"href":"https:\/\/editorapaideia.com.br\/index.php\/wp-json\/wp\/v2\/product\/1521","targetHints":{"allow":["GET"]}}],"collection":[{"href":"https:\/\/editorapaideia.com.br\/index.php\/wp-json\/wp\/v2\/product"}],"about":[{"href":"https:\/\/editorapaideia.com.br\/index.php\/wp-json\/wp\/v2\/types\/product"}],"replies":[{"embeddable":true,"href":"https:\/\/editorapaideia.com.br\/index.php\/wp-json\/wp\/v2\/comments?post=1521"}],"wp:featuredmedia":[{"embeddable":true,"href":"https:\/\/editorapaideia.com.br\/index.php\/wp-json\/wp\/v2\/media\/1522"}],"wp:attachment":[{"href":"https:\/\/editorapaideia.com.br\/index.php\/wp-json\/wp\/v2\/media?parent=1521"}],"wp:term":[{"taxonomy":"product_brand","embeddable":true,"href":"https:\/\/editorapaideia.com.br\/index.php\/wp-json\/wp\/v2\/product_brand?post=1521"},{"taxonomy":"product_cat","embeddable":true,"href":"https:\/\/editorapaideia.com.br\/index.php\/wp-json\/wp\/v2\/product_cat?post=1521"},{"taxonomy":"product_tag","embeddable":true,"href":"https:\/\/editorapaideia.com.br\/index.php\/wp-json\/wp\/v2\/product_tag?post=1521"}],"curies":[{"name":"wp","href":"https:\/\/api.w.org\/{rel}","templated":true}]}}