{"id":1517,"date":"2021-12-03T12:48:07","date_gmt":"2021-12-03T15:48:07","guid":{"rendered":"http:\/\/editorapaideia.com.br\/?post_type=product&#038;p=1517"},"modified":"2025-12-22T16:58:03","modified_gmt":"2025-12-22T19:58:03","slug":"o-menino-e-o-anjo","status":"publish","type":"product","link":"https:\/\/editorapaideia.com.br\/index.php\/produto\/o-menino-e-o-anjo\/","title":{"rendered":"O menino e o anjo"},"content":{"rendered":"<p>Uma novela feita de sonho e realidade, para crian\u00e7as, adolescentes e adultos. O autor conta \u00e0s aventuras de Luizinho e Noir, dois garotos de pequena cidade do interior paulista que se defrontam com um Anjo, ser espiritual que depois das primeiras perip\u00e9cias e sobressaltos passa a lhes fornecer informa\u00e7\u00f5es cheias de sabedoria. Beleza e emo\u00e7\u00e3o marcam estas p\u00e1ginas.<\/p>\n","protected":false},"excerpt":{"rendered":"<p>Uma novela feita de sonho e realidade, para crian\u00e7as, adolescentes e adultos. O autor conta \u00e0s aventuras de Luizinho e Noir, dois garotos de pequena cidade do interior paulista que se defrontam com um Anjo, ser espiritual que depois das primeiras perip\u00e9cias e sobressaltos passa a lhes fornecer informa\u00e7\u00f5es cheias de sabedoria. Beleza e emo\u00e7\u00e3o&#8230;<\/p>\n","protected":false},"featured_media":1518,"comment_status":"open","ping_status":"closed","template":"","meta":{"_kadence_starter_templates_imported_post":false,"_kad_post_transparent":"default","_kad_post_title":"","_kad_post_layout":"default","_kad_post_sidebar_id":"","_kad_post_content_style":"default","_kad_post_vertical_padding":"default","_kad_post_feature":"","_kad_post_feature_position":"","_kad_post_header":false,"_kad_post_footer":false},"product_brand":[],"product_cat":[26],"product_tag":[],"class_list":{"0":"post-1517","1":"product","2":"type-product","3":"status-publish","4":"has-post-thumbnail","6":"product_cat-infanto-juvenil","8":"first","9":"instock","10":"shipping-taxable","11":"purchasable","12":"product-type-simple","13":"entry","14":"content-bg","15":"loop-entry"},"_links":{"self":[{"href":"https:\/\/editorapaideia.com.br\/index.php\/wp-json\/wp\/v2\/product\/1517","targetHints":{"allow":["GET"]}}],"collection":[{"href":"https:\/\/editorapaideia.com.br\/index.php\/wp-json\/wp\/v2\/product"}],"about":[{"href":"https:\/\/editorapaideia.com.br\/index.php\/wp-json\/wp\/v2\/types\/product"}],"replies":[{"embeddable":true,"href":"https:\/\/editorapaideia.com.br\/index.php\/wp-json\/wp\/v2\/comments?post=1517"}],"wp:featuredmedia":[{"embeddable":true,"href":"https:\/\/editorapaideia.com.br\/index.php\/wp-json\/wp\/v2\/media\/1518"}],"wp:attachment":[{"href":"https:\/\/editorapaideia.com.br\/index.php\/wp-json\/wp\/v2\/media?parent=1517"}],"wp:term":[{"taxonomy":"product_brand","embeddable":true,"href":"https:\/\/editorapaideia.com.br\/index.php\/wp-json\/wp\/v2\/product_brand?post=1517"},{"taxonomy":"product_cat","embeddable":true,"href":"https:\/\/editorapaideia.com.br\/index.php\/wp-json\/wp\/v2\/product_cat?post=1517"},{"taxonomy":"product_tag","embeddable":true,"href":"https:\/\/editorapaideia.com.br\/index.php\/wp-json\/wp\/v2\/product_tag?post=1517"}],"curies":[{"name":"wp","href":"https:\/\/api.w.org\/{rel}","templated":true}]}}