{"id":1513,"date":"2021-12-03T12:38:37","date_gmt":"2021-12-03T15:38:37","guid":{"rendered":"http:\/\/editorapaideia.com.br\/?post_type=product&#038;p=1513"},"modified":"2026-04-15T14:28:08","modified_gmt":"2026-04-15T17:28:08","slug":"a-pedra-e-o-joio","status":"publish","type":"product","link":"https:\/\/editorapaideia.com.br\/index.php\/produto\/a-pedra-e-o-joio\/","title":{"rendered":"A Pedra e o Joio"},"content":{"rendered":"<div><b>Autor:<\/b>\u00a0J. Herculano Pires<\/div>\n<div>Defensor implac\u00e1vel da pureza doutrin\u00e1ria do Espiritismo, Herculano Pires faz uma rigorosa cr\u00edtica \u00e0 obscura \u201cTeoria Corpuscular do Esp\u00edrito\u201d, formulada por Hernani Guimar\u00e3es Andrade em sua obra que leva o mesmo t\u00edtulo. Mais uma vez Herculano demonstra sua grande preocupa\u00e7\u00e3o com as distor\u00e7\u00f5es conceptuais e doutrin\u00e1rias que ocorrem no meio esp\u00edrita.<\/div>\n<div>Este pequeno livro traz ensinamentos indispens\u00e1veis que nos auxiliam a \u201csepararmos o joio do trigo\u201d e evitarmos confus\u00f5es na interpreta\u00e7\u00e3o dos conceitos da Doutrina Esp\u00edrita.<\/div>\n","protected":false},"excerpt":{"rendered":"<p>Autor:\u00a0J. Herculano Pires Defensor implac\u00e1vel da pureza doutrin\u00e1ria do Espiritismo, Herculano Pires faz uma rigorosa cr\u00edtica \u00e0 obscura \u201cTeoria Corpuscular do Esp\u00edrito\u201d, formulada por Hernani Guimar\u00e3es Andrade em sua obra que leva o mesmo t\u00edtulo. Mais uma vez Herculano demonstra sua grande preocupa\u00e7\u00e3o com as distor\u00e7\u00f5es conceptuais e doutrin\u00e1rias que ocorrem no meio esp\u00edrita. Este&#8230;<\/p>\n","protected":false},"featured_media":1685,"comment_status":"open","ping_status":"closed","template":"","meta":{"_kadence_starter_templates_imported_post":false,"_kad_post_transparent":"default","_kad_post_title":"","_kad_post_layout":"default","_kad_post_sidebar_id":"","_kad_post_content_style":"default","_kad_post_vertical_padding":"default","_kad_post_feature":"","_kad_post_feature_position":"","_kad_post_header":false,"_kad_post_footer":false},"product_brand":[],"product_cat":[19,32],"product_tag":[],"class_list":{"0":"post-1513","1":"product","2":"type-product","3":"status-publish","4":"has-post-thumbnail","6":"product_cat-estudos","7":"product_cat-filosofia","9":"first","10":"instock","11":"sold-individually","12":"shipping-taxable","13":"purchasable","14":"product-type-simple","15":"entry","16":"content-bg","17":"loop-entry"},"_links":{"self":[{"href":"https:\/\/editorapaideia.com.br\/index.php\/wp-json\/wp\/v2\/product\/1513","targetHints":{"allow":["GET"]}}],"collection":[{"href":"https:\/\/editorapaideia.com.br\/index.php\/wp-json\/wp\/v2\/product"}],"about":[{"href":"https:\/\/editorapaideia.com.br\/index.php\/wp-json\/wp\/v2\/types\/product"}],"replies":[{"embeddable":true,"href":"https:\/\/editorapaideia.com.br\/index.php\/wp-json\/wp\/v2\/comments?post=1513"}],"wp:featuredmedia":[{"embeddable":true,"href":"https:\/\/editorapaideia.com.br\/index.php\/wp-json\/wp\/v2\/media\/1685"}],"wp:attachment":[{"href":"https:\/\/editorapaideia.com.br\/index.php\/wp-json\/wp\/v2\/media?parent=1513"}],"wp:term":[{"taxonomy":"product_brand","embeddable":true,"href":"https:\/\/editorapaideia.com.br\/index.php\/wp-json\/wp\/v2\/product_brand?post=1513"},{"taxonomy":"product_cat","embeddable":true,"href":"https:\/\/editorapaideia.com.br\/index.php\/wp-json\/wp\/v2\/product_cat?post=1513"},{"taxonomy":"product_tag","embeddable":true,"href":"https:\/\/editorapaideia.com.br\/index.php\/wp-json\/wp\/v2\/product_tag?post=1513"}],"curies":[{"name":"wp","href":"https:\/\/api.w.org\/{rel}","templated":true}]}}