{"id":1512,"date":"2021-12-03T12:31:35","date_gmt":"2021-12-03T15:31:35","guid":{"rendered":"http:\/\/editorapaideia.com.br\/?post_type=product&#038;p=1512"},"modified":"2023-07-24T13:15:31","modified_gmt":"2023-07-24T16:15:31","slug":"madalena-trilogia-a-conversao-do-mundo","status":"publish","type":"product","link":"https:\/\/editorapaideia.com.br\/index.php\/produto\/madalena-trilogia-a-conversao-do-mundo\/","title":{"rendered":"Madalena (Trilogia \u201cA Convers\u00e3o do Mundo\u201d)"},"content":{"rendered":"<p><em>Do amor sensual para o espiritual.<\/em><\/p>\n<p>Os dramas e as neuroses que nos afligem a vida, as d\u00favidas sobre o permitido e o &#8220;pecado&#8221;, a necessidade e o uso do amor sensual, o comportamento moral e o verdadeiro amor s\u00e3o enfocados nesta obra de forma elegante e em estilo romanceado. Obra da trilogia &#8220;A Convers\u00e3o do Mundo&#8221;, da qual fazem parte os livros &#8220;L\u00e1zaro&#8221; e &#8220;Barrab\u00e1s&#8221;.<\/p>\n","protected":false},"excerpt":{"rendered":"<p>Do amor sensual para o espiritual. Os dramas e as neuroses que nos afligem a vida, as d\u00favidas sobre o permitido e o &#8220;pecado&#8221;, a necessidade e o uso do amor sensual, o comportamento moral e o verdadeiro amor s\u00e3o enfocados nesta obra de forma elegante e em estilo romanceado. Obra da trilogia &#8220;A Convers\u00e3o&#8230;<\/p>\n","protected":false},"featured_media":1472,"comment_status":"open","ping_status":"closed","template":"","meta":{"_kadence_starter_templates_imported_post":false,"_kad_post_transparent":"default","_kad_post_title":"","_kad_post_layout":"default","_kad_post_sidebar_id":"","_kad_post_content_style":"default","_kad_post_vertical_padding":"default","_kad_post_feature":"","_kad_post_feature_position":"","_kad_post_header":false,"_kad_post_footer":false},"product_cat":[37,17],"product_tag":[],"class_list":["post-1512","product","type-product","status-publish","has-post-thumbnail","hentry","product_cat-romances-historicos","product_cat-romances","entry","content-bg","loop-entry"],"_links":{"self":[{"href":"https:\/\/editorapaideia.com.br\/index.php\/wp-json\/wp\/v2\/product\/1512","targetHints":{"allow":["GET"]}}],"collection":[{"href":"https:\/\/editorapaideia.com.br\/index.php\/wp-json\/wp\/v2\/product"}],"about":[{"href":"https:\/\/editorapaideia.com.br\/index.php\/wp-json\/wp\/v2\/types\/product"}],"replies":[{"embeddable":true,"href":"https:\/\/editorapaideia.com.br\/index.php\/wp-json\/wp\/v2\/comments?post=1512"}],"wp:featuredmedia":[{"embeddable":true,"href":"https:\/\/editorapaideia.com.br\/index.php\/wp-json\/wp\/v2\/media\/1472"}],"wp:attachment":[{"href":"https:\/\/editorapaideia.com.br\/index.php\/wp-json\/wp\/v2\/media?parent=1512"}],"wp:term":[{"taxonomy":"product_cat","embeddable":true,"href":"https:\/\/editorapaideia.com.br\/index.php\/wp-json\/wp\/v2\/product_cat?post=1512"},{"taxonomy":"product_tag","embeddable":true,"href":"https:\/\/editorapaideia.com.br\/index.php\/wp-json\/wp\/v2\/product_tag?post=1512"}],"curies":[{"name":"wp","href":"https:\/\/api.w.org\/{rel}","templated":true}]}}