{"id":1479,"date":"2021-09-21T11:32:12","date_gmt":"2021-09-21T14:32:12","guid":{"rendered":"http:\/\/editorapaideia.com.br\/?post_type=product&#038;p=1479"},"modified":"2025-12-22T16:49:52","modified_gmt":"2025-12-22T19:49:52","slug":"na-hora-do-testemunho","status":"publish","type":"product","link":"https:\/\/editorapaideia.com.br\/index.php\/produto\/na-hora-do-testemunho\/","title":{"rendered":"NA HORA DO TESTEMUNHO"},"content":{"rendered":"<p>Chega um momento em que temos de dar testemunho da nossa convic\u00e7\u00e3o, da nossa fidelidade aos princ\u00edpios que esposamos.<\/p>\n<p>Se n\u00e3o formos capazes de sustent\u00e1-los e defend\u00ea-los, damos uma prova de inseguran\u00e7a moral e tra\u00edmos a n\u00f3s mesmos. A trai\u00e7\u00e3o aos nossos princ\u00edpios, aos textos b\u00e1sicos da nossa convic\u00e7\u00e3o, \u00e9 um insulto \u00e0 nossa dignidade pessoal, que se revela inconsistente. Os que assim procedem s\u00f3 t\u00eam um meio de reabilita\u00e7\u00e3o: a retrata\u00e7\u00e3o p\u00fablica e a ren\u00fancia aos cargos que exercem no plano doutrin\u00e1rio que tra\u00edram.<\/p>\n<p>A vers\u00e3o adulterada de O Evangelho segundo o espiritismo foi publicada pela FEESP, Federa\u00e7\u00e3o Esp\u00edrita do Estado de S\u00e3o Paulo, em julho de 1974. Todos os textos, mensagens e cartas deste livro foram escritos entre os anos de 1974 e 1976.<\/p>\n<p>Este \u00e9 um livro de mensagens, cr\u00f4nicas, poemas e cartas, que J. Herculano Pires e Chico Xavier escolheram, para deixarem documentadas suas posi\u00e7\u00f5es, quanto \u00e0 import\u00e2ncia da defesa da obra de Kardec contra as tentativas de adultera\u00e7\u00e3o, que ocorrem dentro do pr\u00f3prio movimento esp\u00edrita.<\/p>\n","protected":false},"excerpt":{"rendered":"<p>Este \u00e9 um livro de mensagens, cr\u00f4nicas, poemas e cartas, que J. Herculano Pires e Chico Xavier escolheram, para deixarem documentadas suas posi\u00e7\u00f5es, quanto \u00e0 import\u00e2ncia da defesa da obra de Kardec contra as tentativas de adultera\u00e7\u00e3o, que ocorrem dentro do pr\u00f3prio movimento esp\u00edrita.<\/p>\n","protected":false},"featured_media":2146,"comment_status":"open","ping_status":"closed","template":"","meta":{"_kadence_starter_templates_imported_post":false,"_kad_post_transparent":"default","_kad_post_title":"","_kad_post_layout":"default","_kad_post_sidebar_id":"","_kad_post_content_style":"default","_kad_post_vertical_padding":"default","_kad_post_feature":"","_kad_post_feature_position":"","_kad_post_header":false,"_kad_post_footer":false},"product_brand":[],"product_cat":[31,30,15],"product_tag":[],"class_list":{"0":"post-1479","1":"product","2":"type-product","3":"status-publish","4":"has-post-thumbnail","6":"product_cat-doutrina-espirita","7":"product_cat-estudo-cursos","8":"product_cat-sem-categoria","10":"first","11":"instock","12":"shipping-taxable","13":"purchasable","14":"product-type-simple","15":"entry","16":"content-bg","17":"loop-entry"},"_links":{"self":[{"href":"https:\/\/editorapaideia.com.br\/index.php\/wp-json\/wp\/v2\/product\/1479","targetHints":{"allow":["GET"]}}],"collection":[{"href":"https:\/\/editorapaideia.com.br\/index.php\/wp-json\/wp\/v2\/product"}],"about":[{"href":"https:\/\/editorapaideia.com.br\/index.php\/wp-json\/wp\/v2\/types\/product"}],"replies":[{"embeddable":true,"href":"https:\/\/editorapaideia.com.br\/index.php\/wp-json\/wp\/v2\/comments?post=1479"}],"wp:featuredmedia":[{"embeddable":true,"href":"https:\/\/editorapaideia.com.br\/index.php\/wp-json\/wp\/v2\/media\/2146"}],"wp:attachment":[{"href":"https:\/\/editorapaideia.com.br\/index.php\/wp-json\/wp\/v2\/media?parent=1479"}],"wp:term":[{"taxonomy":"product_brand","embeddable":true,"href":"https:\/\/editorapaideia.com.br\/index.php\/wp-json\/wp\/v2\/product_brand?post=1479"},{"taxonomy":"product_cat","embeddable":true,"href":"https:\/\/editorapaideia.com.br\/index.php\/wp-json\/wp\/v2\/product_cat?post=1479"},{"taxonomy":"product_tag","embeddable":true,"href":"https:\/\/editorapaideia.com.br\/index.php\/wp-json\/wp\/v2\/product_tag?post=1479"}],"curies":[{"name":"wp","href":"https:\/\/api.w.org\/{rel}","templated":true}]}}