{"id":1467,"date":"2021-09-21T09:52:52","date_gmt":"2021-09-21T12:52:52","guid":{"rendered":"http:\/\/editorapaideia.com.br\/?post_type=product&#038;p=1467"},"modified":"2025-12-22T16:54:45","modified_gmt":"2025-12-22T19:54:45","slug":"j-herculano-pires-o-apostolo-de-kardec","status":"publish","type":"product","link":"https:\/\/editorapaideia.com.br\/index.php\/produto\/j-herculano-pires-o-apostolo-de-kardec\/","title":{"rendered":"J.HERCULANO PIRES O APOSTOLO DE KARDEC"},"content":{"rendered":"<p>Herculano Pires foi o que podemos chamar de homem m\u00faltiplo. Fil\u00f3sofo, educador, jornalista, escritor, parapsic\u00f3logo, romancista, poeta, fiel tradutor de Kardec, em todas as atividades \u2013 inclusive, fora do movimento esp\u00edrita \u2013 sua intelig\u00eancia superior iluminada pelo espiritismo e aliada a uma cultura animada e human\u00edstica brilhou com grande magnitude, fazendo o p\u00fablico crescer espiritualmente.<\/p>\n<p>Ningu\u00e9m no Brasil e no exterior mergulhou t\u00e3o fundo na obra da codifica\u00e7\u00e3o kardeciana e ningu\u00e9m defendeu mais \u2013 e com mais compet\u00eancia do que ele \u2013 a pureza doutrin\u00e1ria, que colocava acima das institui\u00e7\u00f5es e dos homens, de que \u00e9 exemplo a batalha dantesca que travou quando o\u00a0<i>Evangelho Segundo o Espiritismo<\/i>\u00a0foi adulterado.<\/p>\n<p>O escritor Jorge Rizzini (premiado pela Uni\u00e3o Brasileira de Escritores e pela Secretaria de Cultura de S\u00e3o Paulo) por mais de 30 anos companheiro de Herculano Pires, relata neste livro rigorosamente documentado a vida e a obra fant\u00e1stica desse imbat\u00edvel e leg\u00edtimo Ap\u00f3stolo de Allan Kardec.<\/p>\n","protected":false},"excerpt":{"rendered":"<p>Ningu\u00e9m no Brasil e no exterior mergulhou t\u00e3o fundo na obra da codifica\u00e7\u00e3o kardeciana e ningu\u00e9m defendeu mais \u2013 e com mais compet\u00eancia do que ele \u2013 a pureza doutrin\u00e1ria, que colocava acima das institui\u00e7\u00f5es e dos homens, de que \u00e9 exemplo a batalha dantesca que travou quando o\u00a0<i>Evangelho Segundo o Espiritismo<\/i>\u00a0foi adulterado.<\/p>\n","protected":false},"featured_media":1494,"comment_status":"open","ping_status":"closed","template":"","meta":{"_kadence_starter_templates_imported_post":false,"_kad_post_transparent":"default","_kad_post_title":"","_kad_post_layout":"default","_kad_post_sidebar_id":"","_kad_post_content_style":"default","_kad_post_vertical_padding":"default","_kad_post_feature":"","_kad_post_feature_position":"","_kad_post_header":false,"_kad_post_footer":false},"product_brand":[],"product_cat":[29],"product_tag":[41,45,47,49,42,44,40,46,39,48,52,50,43,51],"class_list":{"0":"post-1467","1":"product","2":"type-product","3":"status-publish","4":"has-post-thumbnail","6":"product_cat-biografias","7":"product_tag-allan-kardec","8":"product_tag-apostolo","9":"product_tag-educador","10":"product_tag-escritor","11":"product_tag-escritores","12":"product_tag-espirita","13":"product_tag-espiritismo","14":"product_tag-filosofo","15":"product_tag-herculano-pires","16":"product_tag-jornalista","17":"product_tag-movimento-espirita","18":"product_tag-parapsicologo","19":"product_tag-poetas","20":"product_tag-romancista","22":"first","23":"instock","24":"shipping-taxable","25":"purchasable","26":"product-type-simple","27":"entry","28":"content-bg","29":"loop-entry"},"_links":{"self":[{"href":"https:\/\/editorapaideia.com.br\/index.php\/wp-json\/wp\/v2\/product\/1467","targetHints":{"allow":["GET"]}}],"collection":[{"href":"https:\/\/editorapaideia.com.br\/index.php\/wp-json\/wp\/v2\/product"}],"about":[{"href":"https:\/\/editorapaideia.com.br\/index.php\/wp-json\/wp\/v2\/types\/product"}],"replies":[{"embeddable":true,"href":"https:\/\/editorapaideia.com.br\/index.php\/wp-json\/wp\/v2\/comments?post=1467"}],"wp:featuredmedia":[{"embeddable":true,"href":"https:\/\/editorapaideia.com.br\/index.php\/wp-json\/wp\/v2\/media\/1494"}],"wp:attachment":[{"href":"https:\/\/editorapaideia.com.br\/index.php\/wp-json\/wp\/v2\/media?parent=1467"}],"wp:term":[{"taxonomy":"product_brand","embeddable":true,"href":"https:\/\/editorapaideia.com.br\/index.php\/wp-json\/wp\/v2\/product_brand?post=1467"},{"taxonomy":"product_cat","embeddable":true,"href":"https:\/\/editorapaideia.com.br\/index.php\/wp-json\/wp\/v2\/product_cat?post=1467"},{"taxonomy":"product_tag","embeddable":true,"href":"https:\/\/editorapaideia.com.br\/index.php\/wp-json\/wp\/v2\/product_tag?post=1467"}],"curies":[{"name":"wp","href":"https:\/\/api.w.org\/{rel}","templated":true}]}}