{"id":1465,"date":"2021-09-21T09:48:11","date_gmt":"2021-09-21T12:48:11","guid":{"rendered":"http:\/\/editorapaideia.com.br\/?post_type=product&#038;p=1465"},"modified":"2025-12-22T16:46:48","modified_gmt":"2025-12-22T19:46:48","slug":"introducao-a-filosofia-espirita","status":"publish","type":"product","link":"https:\/\/editorapaideia.com.br\/index.php\/produto\/introducao-a-filosofia-espirita\/","title":{"rendered":"INTRODU\u00c7AO A FILOSOFIA ESP\u00cdRITA"},"content":{"rendered":"<p>Como uma doutrina pode ser, ao mesmo tempo, ci\u00eancia, filosofia e religi\u00e3o? A Ci\u00eancia Esp\u00edrita \u00e9 o fundamento da Doutrina. Da interpreta\u00e7\u00e3o dos resultados de pesquisa fenom\u00eanica, resulta a Filosofia Esp\u00edrita, da qual derivam inevit\u00e1veis consequ\u00eancias morais, formando o tr\u00edplice aspecto.<\/p>\n<p>Herculano Pires explica neste livro como uma doutrina pode ser ao mesmo tempo Ci\u00eancia, Filosofia e Religi\u00e3o.<\/p>\n","protected":false},"excerpt":{"rendered":"<p>Como uma doutrina pode ser, ao mesmo tempo, ci\u00eancia, filosofia e religi\u00e3o? A Ci\u00eancia Esp\u00edrita \u00e9 o fundamento da Doutrina. Da interpreta\u00e7\u00e3o dos resultados de pesquisa fenom\u00eanica, resulta a Filosofia Esp\u00edrita, da qual derivam inevit\u00e1veis consequ\u00eancias morais, formando o tr\u00edplice aspecto. Herculano Pires explica neste livro como uma doutrina pode ser ao mesmo tempo Ci\u00eancia,&#8230;<\/p>\n","protected":false},"featured_media":1466,"comment_status":"open","ping_status":"closed","template":"","meta":{"_kadence_starter_templates_imported_post":false,"_kad_post_transparent":"default","_kad_post_title":"","_kad_post_layout":"default","_kad_post_sidebar_id":"","_kad_post_content_style":"default","_kad_post_vertical_padding":"default","_kad_post_feature":"","_kad_post_feature_position":"","_kad_post_header":false,"_kad_post_footer":false},"product_brand":[],"product_cat":[32],"product_tag":[],"class_list":{"0":"post-1465","1":"product","2":"type-product","3":"status-publish","4":"has-post-thumbnail","6":"product_cat-filosofia","8":"first","9":"instock","10":"shipping-taxable","11":"purchasable","12":"product-type-simple","13":"entry","14":"content-bg","15":"loop-entry"},"_links":{"self":[{"href":"https:\/\/editorapaideia.com.br\/index.php\/wp-json\/wp\/v2\/product\/1465","targetHints":{"allow":["GET"]}}],"collection":[{"href":"https:\/\/editorapaideia.com.br\/index.php\/wp-json\/wp\/v2\/product"}],"about":[{"href":"https:\/\/editorapaideia.com.br\/index.php\/wp-json\/wp\/v2\/types\/product"}],"replies":[{"embeddable":true,"href":"https:\/\/editorapaideia.com.br\/index.php\/wp-json\/wp\/v2\/comments?post=1465"}],"wp:featuredmedia":[{"embeddable":true,"href":"https:\/\/editorapaideia.com.br\/index.php\/wp-json\/wp\/v2\/media\/1466"}],"wp:attachment":[{"href":"https:\/\/editorapaideia.com.br\/index.php\/wp-json\/wp\/v2\/media?parent=1465"}],"wp:term":[{"taxonomy":"product_brand","embeddable":true,"href":"https:\/\/editorapaideia.com.br\/index.php\/wp-json\/wp\/v2\/product_brand?post=1465"},{"taxonomy":"product_cat","embeddable":true,"href":"https:\/\/editorapaideia.com.br\/index.php\/wp-json\/wp\/v2\/product_cat?post=1465"},{"taxonomy":"product_tag","embeddable":true,"href":"https:\/\/editorapaideia.com.br\/index.php\/wp-json\/wp\/v2\/product_tag?post=1465"}],"curies":[{"name":"wp","href":"https:\/\/api.w.org\/{rel}","templated":true}]}}