{"id":1456,"date":"2021-09-21T09:23:16","date_gmt":"2021-09-21T12:23:16","guid":{"rendered":"http:\/\/editorapaideia.com.br\/?post_type=product&#038;p=1456"},"modified":"2025-12-22T16:45:52","modified_gmt":"2025-12-22T19:45:52","slug":"educacao-para-a-morte","status":"publish","type":"product","link":"https:\/\/editorapaideia.com.br\/index.php\/produto\/educacao-para-a-morte\/","title":{"rendered":"EDUCA\u00c7\u00c3O PARA A MORTE"},"content":{"rendered":"<p>Antes de tudo, o conte\u00fado deste livro versa sobre a vida e n\u00e3o sobre a morte, como o t\u00edtulo deixa transparecer. Jos\u00e9 Herculano Pires, filos\u00f3fico esp\u00edrita, sabe que a morte \u00e9 apenas um fen\u00f4meno de transforma\u00e7\u00e3o da vida, com o qual temos que conviver e compreender.<\/p>\n","protected":false},"excerpt":{"rendered":"<p>Antes de tudo, o conte\u00fado deste livro versa sobre a vida e n\u00e3o sobre a morte, como o t\u00edtulo deixa transparecer. Jos\u00e9 Herculano Pires, filos\u00f3fico esp\u00edrita, sabe que a morte \u00e9 apenas um fen\u00f4meno de transforma\u00e7\u00e3o da vida, com o qual temos que conviver e compreender.<\/p>\n","protected":false},"featured_media":1457,"comment_status":"open","ping_status":"closed","template":"","meta":{"_kadence_starter_templates_imported_post":false,"_kad_post_transparent":"default","_kad_post_title":"","_kad_post_layout":"default","_kad_post_sidebar_id":"","_kad_post_content_style":"default","_kad_post_vertical_padding":"default","_kad_post_feature":"","_kad_post_feature_position":"","_kad_post_header":false,"_kad_post_footer":false},"product_brand":[],"product_cat":[31],"product_tag":[],"class_list":{"0":"post-1456","1":"product","2":"type-product","3":"status-publish","4":"has-post-thumbnail","6":"product_cat-doutrina-espirita","8":"first","9":"instock","10":"shipping-taxable","11":"purchasable","12":"product-type-simple","13":"entry","14":"content-bg","15":"loop-entry"},"_links":{"self":[{"href":"https:\/\/editorapaideia.com.br\/index.php\/wp-json\/wp\/v2\/product\/1456","targetHints":{"allow":["GET"]}}],"collection":[{"href":"https:\/\/editorapaideia.com.br\/index.php\/wp-json\/wp\/v2\/product"}],"about":[{"href":"https:\/\/editorapaideia.com.br\/index.php\/wp-json\/wp\/v2\/types\/product"}],"replies":[{"embeddable":true,"href":"https:\/\/editorapaideia.com.br\/index.php\/wp-json\/wp\/v2\/comments?post=1456"}],"wp:featuredmedia":[{"embeddable":true,"href":"https:\/\/editorapaideia.com.br\/index.php\/wp-json\/wp\/v2\/media\/1457"}],"wp:attachment":[{"href":"https:\/\/editorapaideia.com.br\/index.php\/wp-json\/wp\/v2\/media?parent=1456"}],"wp:term":[{"taxonomy":"product_brand","embeddable":true,"href":"https:\/\/editorapaideia.com.br\/index.php\/wp-json\/wp\/v2\/product_brand?post=1456"},{"taxonomy":"product_cat","embeddable":true,"href":"https:\/\/editorapaideia.com.br\/index.php\/wp-json\/wp\/v2\/product_cat?post=1456"},{"taxonomy":"product_tag","embeddable":true,"href":"https:\/\/editorapaideia.com.br\/index.php\/wp-json\/wp\/v2\/product_tag?post=1456"}],"curies":[{"name":"wp","href":"https:\/\/api.w.org\/{rel}","templated":true}]}}