{"id":1454,"date":"2021-09-20T14:40:13","date_gmt":"2021-09-20T17:40:13","guid":{"rendered":"http:\/\/editorapaideia.com.br\/?post_type=product&#038;p=1454"},"modified":"2021-12-01T13:22:23","modified_gmt":"2021-12-01T16:22:23","slug":"curso-dinamico-de-espiritismo","status":"publish","type":"product","link":"https:\/\/editorapaideia.com.br\/index.php\/produto\/curso-dinamico-de-espiritismo\/","title":{"rendered":"CURSO DINAMICO DE ESPIRITISMO"},"content":{"rendered":"<p>Todos falam bem ou mal do Espiritismo. Mas nem todos o conhecem. Geralmente o consideram como uma seita religiosa comum, carregada de supersti\u00e7\u00f5es. Durante muito tempo o Espiritismo foi encarado com pavor pelos religiosos, que viam nele uma cria\u00e7\u00e3o diab\u00f3lica para perdi\u00e7\u00e3o das almas. Nesse livro, voc\u00ea poder\u00e1 constatar que hoje a situa\u00e7\u00e3o mudou e as pesquisas de fen\u00f4menos medi\u00fanicos invadiram as maiores universidades.<\/p>\n","protected":false},"excerpt":{"rendered":"<p>Todos falam bem ou mal do Espiritismo. Mas nem todos o conhecem. Geralmente o consideram como uma seita religiosa comum, carregada de supersti\u00e7\u00f5es. Durante muito tempo o Espiritismo foi encarado com pavor pelos religiosos, que viam nele uma cria\u00e7\u00e3o diab\u00f3lica para perdi\u00e7\u00e3o das almas. Nesse livro, voc\u00ea poder\u00e1 constatar que hoje a situa\u00e7\u00e3o mudou e&#8230;<\/p>\n","protected":false},"featured_media":1455,"comment_status":"open","ping_status":"closed","template":"","meta":{"_kadence_starter_templates_imported_post":false,"_kad_post_transparent":"default","_kad_post_title":"","_kad_post_layout":"default","_kad_post_sidebar_id":"","_kad_post_content_style":"default","_kad_post_vertical_padding":"default","_kad_post_feature":"","_kad_post_feature_position":"","_kad_post_header":false,"_kad_post_footer":false},"product_brand":[],"product_cat":[31],"product_tag":[],"class_list":{"0":"post-1454","1":"product","2":"type-product","3":"status-publish","4":"has-post-thumbnail","6":"product_cat-doutrina-espirita","8":"first","9":"instock","10":"shipping-taxable","11":"purchasable","12":"product-type-simple","13":"entry","14":"content-bg","15":"loop-entry"},"_links":{"self":[{"href":"https:\/\/editorapaideia.com.br\/index.php\/wp-json\/wp\/v2\/product\/1454","targetHints":{"allow":["GET"]}}],"collection":[{"href":"https:\/\/editorapaideia.com.br\/index.php\/wp-json\/wp\/v2\/product"}],"about":[{"href":"https:\/\/editorapaideia.com.br\/index.php\/wp-json\/wp\/v2\/types\/product"}],"replies":[{"embeddable":true,"href":"https:\/\/editorapaideia.com.br\/index.php\/wp-json\/wp\/v2\/comments?post=1454"}],"wp:featuredmedia":[{"embeddable":true,"href":"https:\/\/editorapaideia.com.br\/index.php\/wp-json\/wp\/v2\/media\/1455"}],"wp:attachment":[{"href":"https:\/\/editorapaideia.com.br\/index.php\/wp-json\/wp\/v2\/media?parent=1454"}],"wp:term":[{"taxonomy":"product_brand","embeddable":true,"href":"https:\/\/editorapaideia.com.br\/index.php\/wp-json\/wp\/v2\/product_brand?post=1454"},{"taxonomy":"product_cat","embeddable":true,"href":"https:\/\/editorapaideia.com.br\/index.php\/wp-json\/wp\/v2\/product_cat?post=1454"},{"taxonomy":"product_tag","embeddable":true,"href":"https:\/\/editorapaideia.com.br\/index.php\/wp-json\/wp\/v2\/product_tag?post=1454"}],"curies":[{"name":"wp","href":"https:\/\/api.w.org\/{rel}","templated":true}]}}