{"id":1450,"date":"2021-09-20T13:23:55","date_gmt":"2021-09-20T16:23:55","guid":{"rendered":"http:\/\/editorapaideia.com.br\/?post_type=product&#038;p=1450"},"modified":"2025-12-22T12:10:06","modified_gmt":"2025-12-22T15:10:06","slug":"concepcao-existencial-de-deus","status":"publish","type":"product","link":"https:\/\/editorapaideia.com.br\/index.php\/produto\/concepcao-existencial-de-deus\/","title":{"rendered":"CONCEP\u00c7\u00c3O EXISTENCIAL DE DEUS"},"content":{"rendered":"<p>O homem \u00e9 o seu pr\u00f3prio juiz, no aqu\u00e9m e no Al\u00e9m. Ningu\u00e9m lhe pede contas do que fez, mas ele mesmo se defronta com a imagem do que foi e do que \u00e9. Essa, a infalibilidade da Justi\u00e7a Divina.<br \/>\nO Tribunal de Deus est\u00e1 instalado na consci\u00eancia de cada um de n\u00f3s e funciona com a regularidade absoluta das leis naturais. N\u00e3o somos julgados por nenhum tribunal sobrenatural, mas pela nossa pr\u00f3pria consci\u00eancia. Da\u00ed a fatuidade dos julgamentos religiosos, das indulg\u00eancias e sacramentos.<br \/>\nDeus, o Existente, partilha conosco as provas existenciais. E \u00e9 dentro de n\u00f3s, em nossa consci\u00eancia, em nosso \u00edntimo \u2013 sem que tenhamos a m\u00ednima possibilidade de fuga ou desculpas mentirosas \u2013, que somos julgados. Mas a Justi\u00e7a de Deus, se \u00e9 rigorosamente precisa, \u00e9 tamb\u00e9m revestida de miseric\u00f3rdia.<\/p>\n","protected":false},"excerpt":{"rendered":"<p>O homem \u00e9 o seu pr\u00f3prio juiz, no aqu\u00e9m e no Al\u00e9m. Ningu\u00e9m lhe pede contas do que fez, mas ele mesmo se defronta com a imagem do que foi e do que \u00e9. Essa, a infalibilidade da Justi\u00e7a Divina. O Tribunal de Deus est\u00e1 instalado na consci\u00eancia de cada um de n\u00f3s e funciona&#8230;<\/p>\n","protected":false},"featured_media":1663,"comment_status":"open","ping_status":"closed","template":"","meta":{"_kadence_starter_templates_imported_post":false,"_kad_post_transparent":"default","_kad_post_title":"","_kad_post_layout":"default","_kad_post_sidebar_id":"","_kad_post_content_style":"default","_kad_post_vertical_padding":"default","_kad_post_feature":"","_kad_post_feature_position":"","_kad_post_header":false,"_kad_post_footer":false},"product_brand":[],"product_cat":[32],"product_tag":[],"class_list":{"0":"post-1450","1":"product","2":"type-product","3":"status-publish","4":"has-post-thumbnail","6":"product_cat-filosofia","8":"first","9":"instock","10":"shipping-taxable","11":"purchasable","12":"product-type-simple","13":"entry","14":"content-bg","15":"loop-entry"},"_links":{"self":[{"href":"https:\/\/editorapaideia.com.br\/index.php\/wp-json\/wp\/v2\/product\/1450","targetHints":{"allow":["GET"]}}],"collection":[{"href":"https:\/\/editorapaideia.com.br\/index.php\/wp-json\/wp\/v2\/product"}],"about":[{"href":"https:\/\/editorapaideia.com.br\/index.php\/wp-json\/wp\/v2\/types\/product"}],"replies":[{"embeddable":true,"href":"https:\/\/editorapaideia.com.br\/index.php\/wp-json\/wp\/v2\/comments?post=1450"}],"wp:featuredmedia":[{"embeddable":true,"href":"https:\/\/editorapaideia.com.br\/index.php\/wp-json\/wp\/v2\/media\/1663"}],"wp:attachment":[{"href":"https:\/\/editorapaideia.com.br\/index.php\/wp-json\/wp\/v2\/media?parent=1450"}],"wp:term":[{"taxonomy":"product_brand","embeddable":true,"href":"https:\/\/editorapaideia.com.br\/index.php\/wp-json\/wp\/v2\/product_brand?post=1450"},{"taxonomy":"product_cat","embeddable":true,"href":"https:\/\/editorapaideia.com.br\/index.php\/wp-json\/wp\/v2\/product_cat?post=1450"},{"taxonomy":"product_tag","embeddable":true,"href":"https:\/\/editorapaideia.com.br\/index.php\/wp-json\/wp\/v2\/product_tag?post=1450"}],"curies":[{"name":"wp","href":"https:\/\/api.w.org\/{rel}","templated":true}]}}