{"id":1446,"date":"2021-09-20T13:21:05","date_gmt":"2021-09-20T16:21:05","guid":{"rendered":"http:\/\/editorapaideia.com.br\/?post_type=product&#038;p=1446"},"modified":"2021-12-03T13:31:20","modified_gmt":"2021-12-03T16:31:20","slug":"barrabas","status":"publish","type":"product","link":"https:\/\/editorapaideia.com.br\/index.php\/produto\/barrabas\/","title":{"rendered":"BARRAB\u00c1S (Trilogia \u201cA Convers\u00e3o do Mundo\u201d)"},"content":{"rendered":"<p><em>Da viol\u00eancia para a n\u00e3o viol\u00eancia<\/em><\/p>\n<p>Heroico e asc\u00e9tico simultaneamente, esse romance, elaborado por um verdadeiro artista da palavra escrita, nos d\u00e1 a sensa\u00e7\u00e3o de uma paisagem sinf\u00f4nica e dram\u00e1tica, pelo el\u00e3 religioso, pelas ansiedades m\u00edsticas, pela verdade carregada de beleza e de sentido de certas de suas p\u00e1ginas. Revestido da unidade caracter\u00edstica da exist\u00eancia \u2013que \u00e9 um complexo de instintos e de moral em sofrimento \u2013capta na flu\u00eancia da vida (a simples vida de um homem) realidades essenciais que as coordenadas do tempo e do espa\u00e7o mais ainda especificam.<\/p>\n<p>Obra da trilogia &#8220;A Convers\u00e3o do Mundo&#8221;, da qual fazem parte os livros &#8220;L\u00e1zaro&#8221; e &#8220;Madalena&#8221;.<\/p>\n","protected":false},"excerpt":{"rendered":"<p>Da viol\u00eancia para a n\u00e3o viol\u00eancia Heroico e asc\u00e9tico simultaneamente, esse romance, elaborado por um verdadeiro artista da palavra escrita, nos d\u00e1 a sensa\u00e7\u00e3o de uma paisagem sinf\u00f4nica e dram\u00e1tica, pelo el\u00e3 religioso, pelas ansiedades m\u00edsticas, pela verdade carregada de beleza e de sentido de certas de suas p\u00e1ginas. Revestido da unidade caracter\u00edstica da exist\u00eancia&#8230;<\/p>\n","protected":false},"featured_media":1447,"comment_status":"open","ping_status":"closed","template":"","meta":{"_kadence_starter_templates_imported_post":false,"_kad_post_transparent":"default","_kad_post_title":"","_kad_post_layout":"default","_kad_post_sidebar_id":"","_kad_post_content_style":"default","_kad_post_vertical_padding":"default","_kad_post_feature":"","_kad_post_feature_position":"","_kad_post_header":false,"_kad_post_footer":false},"product_brand":[],"product_cat":[37],"product_tag":[],"class_list":{"0":"post-1446","1":"product","2":"type-product","3":"status-publish","4":"has-post-thumbnail","6":"product_cat-romances-historicos","8":"first","9":"instock","10":"shipping-taxable","11":"purchasable","12":"product-type-simple","13":"entry","14":"content-bg","15":"loop-entry"},"_links":{"self":[{"href":"https:\/\/editorapaideia.com.br\/index.php\/wp-json\/wp\/v2\/product\/1446","targetHints":{"allow":["GET"]}}],"collection":[{"href":"https:\/\/editorapaideia.com.br\/index.php\/wp-json\/wp\/v2\/product"}],"about":[{"href":"https:\/\/editorapaideia.com.br\/index.php\/wp-json\/wp\/v2\/types\/product"}],"replies":[{"embeddable":true,"href":"https:\/\/editorapaideia.com.br\/index.php\/wp-json\/wp\/v2\/comments?post=1446"}],"wp:featuredmedia":[{"embeddable":true,"href":"https:\/\/editorapaideia.com.br\/index.php\/wp-json\/wp\/v2\/media\/1447"}],"wp:attachment":[{"href":"https:\/\/editorapaideia.com.br\/index.php\/wp-json\/wp\/v2\/media?parent=1446"}],"wp:term":[{"taxonomy":"product_brand","embeddable":true,"href":"https:\/\/editorapaideia.com.br\/index.php\/wp-json\/wp\/v2\/product_brand?post=1446"},{"taxonomy":"product_cat","embeddable":true,"href":"https:\/\/editorapaideia.com.br\/index.php\/wp-json\/wp\/v2\/product_cat?post=1446"},{"taxonomy":"product_tag","embeddable":true,"href":"https:\/\/editorapaideia.com.br\/index.php\/wp-json\/wp\/v2\/product_tag?post=1446"}],"curies":[{"name":"wp","href":"https:\/\/api.w.org\/{rel}","templated":true}]}}