{"id":1438,"date":"2021-09-20T13:12:57","date_gmt":"2021-09-20T16:12:57","guid":{"rendered":"http:\/\/editorapaideia.com.br\/?post_type=product&#038;p=1438"},"modified":"2021-09-20T13:13:09","modified_gmt":"2021-09-20T16:13:09","slug":"as-tres-revelacoes-para-criancas","status":"publish","type":"product","link":"https:\/\/editorapaideia.com.br\/index.php\/produto\/as-tres-revelacoes-para-criancas\/","title":{"rendered":"AS TR\u00caS REVELA\u00c7\u00d5ES PARA CRIAN\u00c7AS"},"content":{"rendered":"<p>A crian\u00e7a \u00e9 o futuro! Com base nessa afirma\u00e7\u00e3o, feita pelo esp\u00edrito Emmanuel em v\u00e1rias obras psicografadas por Chico Xavier, a autora teve a ideia de instalar a primeira escola infantil esp\u00edrita do Brasil, em 1948. Para dar subs\u00eddio \u00e0s aulas, foi desenvolvido este trabalho, que apresenta ensinamentos sobre as tr\u00eas revela\u00e7\u00f5es. H\u00e1 elementos para a organiza\u00e7\u00e3o de uma parte recreativa, tornando as reuni\u00f5es mais atraentes. O programa apresenta a primeira parte, doutrin\u00e1ria, subdividida em 26 aulas. A segunda \u00e9 recreativa, com poesias, cantos e folguedos, para serem utilizados como incremento aos estudos.<\/p>\n","protected":false},"excerpt":{"rendered":"<p>A crian\u00e7a \u00e9 o futuro! Com base nessa afirma\u00e7\u00e3o, feita pelo esp\u00edrito Emmanuel em v\u00e1rias obras psicografadas por Chico Xavier, a autora teve a ideia de instalar a primeira escola infantil esp\u00edrita do Brasil, em 1948. Para dar subs\u00eddio \u00e0s aulas, foi desenvolvido este trabalho, que apresenta ensinamentos sobre as tr\u00eas revela\u00e7\u00f5es. H\u00e1 elementos para a organiza\u00e7\u00e3o de uma parte recreativa, tornando as reuni\u00f5es mais atraentes. O programa apresenta a primeira parte, doutrin\u00e1ria, subdividida em 26 aulas. A segunda \u00e9 recreativa, com poesias, cantos e folguedos, para serem utilizados como incremento aos estudos.<\/p>\n","protected":false},"featured_media":1439,"comment_status":"open","ping_status":"closed","template":"","meta":{"_kadence_starter_templates_imported_post":false,"_kad_post_transparent":"default","_kad_post_title":"","_kad_post_layout":"default","_kad_post_sidebar_id":"","_kad_post_content_style":"default","_kad_post_vertical_padding":"default","_kad_post_feature":"","_kad_post_feature_position":"","_kad_post_header":false,"_kad_post_footer":false},"product_brand":[],"product_cat":[31],"product_tag":[],"class_list":{"0":"post-1438","1":"product","2":"type-product","3":"status-publish","4":"has-post-thumbnail","6":"product_cat-doutrina-espirita","8":"first","9":"instock","10":"shipping-taxable","11":"purchasable","12":"product-type-simple","13":"entry","14":"content-bg","15":"loop-entry"},"_links":{"self":[{"href":"https:\/\/editorapaideia.com.br\/index.php\/wp-json\/wp\/v2\/product\/1438","targetHints":{"allow":["GET"]}}],"collection":[{"href":"https:\/\/editorapaideia.com.br\/index.php\/wp-json\/wp\/v2\/product"}],"about":[{"href":"https:\/\/editorapaideia.com.br\/index.php\/wp-json\/wp\/v2\/types\/product"}],"replies":[{"embeddable":true,"href":"https:\/\/editorapaideia.com.br\/index.php\/wp-json\/wp\/v2\/comments?post=1438"}],"wp:featuredmedia":[{"embeddable":true,"href":"https:\/\/editorapaideia.com.br\/index.php\/wp-json\/wp\/v2\/media\/1439"}],"wp:attachment":[{"href":"https:\/\/editorapaideia.com.br\/index.php\/wp-json\/wp\/v2\/media?parent=1438"}],"wp:term":[{"taxonomy":"product_brand","embeddable":true,"href":"https:\/\/editorapaideia.com.br\/index.php\/wp-json\/wp\/v2\/product_brand?post=1438"},{"taxonomy":"product_cat","embeddable":true,"href":"https:\/\/editorapaideia.com.br\/index.php\/wp-json\/wp\/v2\/product_cat?post=1438"},{"taxonomy":"product_tag","embeddable":true,"href":"https:\/\/editorapaideia.com.br\/index.php\/wp-json\/wp\/v2\/product_tag?post=1438"}],"curies":[{"name":"wp","href":"https:\/\/api.w.org\/{rel}","templated":true}]}}