{"id":1430,"date":"2021-09-20T12:46:13","date_gmt":"2021-09-20T15:46:13","guid":{"rendered":"http:\/\/editorapaideia.com.br\/?post_type=product&#038;p=1430"},"modified":"2025-12-22T14:28:27","modified_gmt":"2025-12-22T17:28:27","slug":"a-viagem","status":"publish","type":"product","link":"https:\/\/editorapaideia.com.br\/index.php\/produto\/a-viagem\/","title":{"rendered":"A VIAGEM"},"content":{"rendered":"<p>Voc\u00ea j\u00e1 despertou durante a noite e descobriu que n\u00e3o podia se mover? Nessa hora, voc\u00ea tentou desesperadamente gritar, mas n\u00e3o conseguiu? A sensa\u00e7\u00e3o era a de que uma for\u00e7a invis\u00edvel imobilizava os seus movimentos e calava a sua voz? Voc\u00ea chegou at\u00e9 a imaginar que um esp\u00edrito havia lhe dominado?\u00a0Saiba que esses momentos de terror e agonia foram motivados pelo seu desconhecimento sobre o assunto. Com o conte\u00fado revelado neste livro, voc\u00ea ter\u00e1 as ferramentas para passar por essa experi\u00eancia sem nenhum risco. \u00a0Voc\u00ea ter\u00e1 acesso a informa\u00e7\u00f5es que ficaram ocultas durante muito tempo e que v\u00e3o lhe ajudar a entender mais sobre a proje\u00e7\u00e3o consciencial. Transite pelo incr\u00edvel universo das sa\u00eddas do corpo. Voc\u00ea transformar\u00e1 a sua vida!<\/p>\n","protected":false},"excerpt":{"rendered":"<p>Voc\u00ea j\u00e1 despertou durante a noite e descobriu que n\u00e3o podia se mover? Nessa hora, voc\u00ea tentou desesperadamente gritar, mas n\u00e3o conseguiu? A sensa\u00e7\u00e3o era a de que uma for\u00e7a invis\u00edvel imobilizava os seus movimentos e calava a sua voz? Voc\u00ea chegou at\u00e9 a imaginar que um esp\u00edrito havia lhe dominado?\u00a0Saiba que esses momentos de terror e agonia foram motivados pelo seu desconhecimento sobre o assunto. Com o conte\u00fado revelado neste livro, voc\u00ea ter\u00e1 as ferramentas para passar por essa experi\u00eancia sem nenhum risco. \u00a0Voc\u00ea ter\u00e1 acesso a informa\u00e7\u00f5es que ficaram ocultas durante muito tempo e que v\u00e3o lhe ajudar a entender mais sobre a proje\u00e7\u00e3o consciencial. Transite pelo incr\u00edvel universo das sa\u00eddas do corpo. Voc\u00ea transformar\u00e1 a sua vida!<\/p>\n","protected":false},"featured_media":1432,"comment_status":"open","ping_status":"closed","template":"","meta":{"_kadence_starter_templates_imported_post":false,"_kad_post_transparent":"default","_kad_post_title":"","_kad_post_layout":"default","_kad_post_sidebar_id":"","_kad_post_content_style":"default","_kad_post_vertical_padding":"default","_kad_post_feature":"","_kad_post_feature_position":"","_kad_post_header":false,"_kad_post_footer":false},"product_brand":[],"product_cat":[36],"product_tag":[],"class_list":{"0":"post-1430","1":"product","2":"type-product","3":"status-publish","4":"has-post-thumbnail","6":"product_cat-romances-espiritas","8":"first","9":"instock","10":"shipping-taxable","11":"purchasable","12":"product-type-simple","13":"entry","14":"content-bg","15":"loop-entry"},"_links":{"self":[{"href":"https:\/\/editorapaideia.com.br\/index.php\/wp-json\/wp\/v2\/product\/1430","targetHints":{"allow":["GET"]}}],"collection":[{"href":"https:\/\/editorapaideia.com.br\/index.php\/wp-json\/wp\/v2\/product"}],"about":[{"href":"https:\/\/editorapaideia.com.br\/index.php\/wp-json\/wp\/v2\/types\/product"}],"replies":[{"embeddable":true,"href":"https:\/\/editorapaideia.com.br\/index.php\/wp-json\/wp\/v2\/comments?post=1430"}],"wp:featuredmedia":[{"embeddable":true,"href":"https:\/\/editorapaideia.com.br\/index.php\/wp-json\/wp\/v2\/media\/1432"}],"wp:attachment":[{"href":"https:\/\/editorapaideia.com.br\/index.php\/wp-json\/wp\/v2\/media?parent=1430"}],"wp:term":[{"taxonomy":"product_brand","embeddable":true,"href":"https:\/\/editorapaideia.com.br\/index.php\/wp-json\/wp\/v2\/product_brand?post=1430"},{"taxonomy":"product_cat","embeddable":true,"href":"https:\/\/editorapaideia.com.br\/index.php\/wp-json\/wp\/v2\/product_cat?post=1430"},{"taxonomy":"product_tag","embeddable":true,"href":"https:\/\/editorapaideia.com.br\/index.php\/wp-json\/wp\/v2\/product_tag?post=1430"}],"curies":[{"name":"wp","href":"https:\/\/api.w.org\/{rel}","templated":true}]}}