{"id":1429,"date":"2021-09-20T12:13:11","date_gmt":"2021-09-20T15:13:11","guid":{"rendered":"http:\/\/editorapaideia.com.br\/?post_type=product&#038;p=1429"},"modified":"2021-10-15T11:41:30","modified_gmt":"2021-10-15T14:41:30","slug":"na-era-do-espirito","status":"publish","type":"product","link":"https:\/\/editorapaideia.com.br\/index.php\/produto\/na-era-do-espirito\/","title":{"rendered":"NA ERA DO ESP\u00cdRITO"},"content":{"rendered":"<p>Este \u00e9 o segundo de quatro volumes da s\u00e9rie Na Era do Esp\u00edrito, que documenta de maneira viva a atividade medi\u00fanica de Francisco C\u00e2ndido Xavier e seu relacionamento direto com a vida do povo, nas suas dores, buscas e afli\u00e7\u00f5es. As explica\u00e7\u00f5es do pr\u00f3prio m\u00e9dium sobre as condi\u00e7\u00f5es e as motiva\u00e7\u00f5es da recep\u00e7\u00e3o dessas mensagens constituem valioso material de estudo para todos os que realmente se interessam pelos problemas espirituais. Os volumes s\u00e3o compostos por cap\u00edtulos que apresentam explica\u00e7\u00f5es sobre as reuni\u00f5es em que os esp\u00edritos se manifestaram escrevendo sobre o tema e coment\u00e1rios de Irm\u00e3o Saulo, pseud\u00f4nimo de J. Herculano Pires focando o assunto por outro \u00e2ngulo. Outras obras da s\u00e9rie: Chico Xavier pede licen\u00e7a, Astronautas do al\u00e9m e Di\u00e1logo dos Vivos.<\/p>\n","protected":false},"excerpt":{"rendered":"<p>Este \u00e9 o segundo de quatro volumes da s\u00e9rie Na Era do Esp\u00edrito, que documenta de maneira viva a atividade medi\u00fanica de Francisco C\u00e2ndido Xavier e seu relacionamento direto com a vida do povo, nas suas dores, buscas e afli\u00e7\u00f5es. As explica\u00e7\u00f5es do pr\u00f3prio m\u00e9dium sobre as condi\u00e7\u00f5es e as motiva\u00e7\u00f5es da recep\u00e7\u00e3o dessas mensagens constituem valioso material de estudo para todos os que realmente se interessam pelos problemas espirituais. Os volumes s\u00e3o compostos por cap\u00edtulos que apresentam explica\u00e7\u00f5es sobre as reuni\u00f5es em que os esp\u00edritos se manifestaram escrevendo sobre o tema e coment\u00e1rios de Irm\u00e3o Saulo, pseud\u00f4nimo de J. Herculano Pires focando o assunto por outro \u00e2ngulo. Outras obras da s\u00e9rie: Chico Xavier pede licen\u00e7a, Astronautas do al\u00e9m e Di\u00e1logo dos Vivos.<\/p>\n","protected":false},"featured_media":1427,"comment_status":"open","ping_status":"closed","template":"","meta":{"_kadence_starter_templates_imported_post":true,"_kad_post_transparent":"default","_kad_post_title":"","_kad_post_layout":"default","_kad_post_sidebar_id":"","_kad_post_content_style":"default","_kad_post_vertical_padding":"default","_kad_post_feature":"","_kad_post_feature_position":"","_kad_post_header":false,"_kad_post_footer":false},"product_brand":[],"product_cat":[31],"product_tag":[],"class_list":{"0":"post-1429","1":"product","2":"type-product","3":"status-publish","4":"has-post-thumbnail","6":"product_cat-doutrina-espirita","8":"first","9":"outofstock","10":"featured","11":"shipping-taxable","12":"purchasable","13":"product-type-simple","14":"entry","15":"content-bg","16":"loop-entry"},"_links":{"self":[{"href":"https:\/\/editorapaideia.com.br\/index.php\/wp-json\/wp\/v2\/product\/1429","targetHints":{"allow":["GET"]}}],"collection":[{"href":"https:\/\/editorapaideia.com.br\/index.php\/wp-json\/wp\/v2\/product"}],"about":[{"href":"https:\/\/editorapaideia.com.br\/index.php\/wp-json\/wp\/v2\/types\/product"}],"replies":[{"embeddable":true,"href":"https:\/\/editorapaideia.com.br\/index.php\/wp-json\/wp\/v2\/comments?post=1429"}],"wp:featuredmedia":[{"embeddable":true,"href":"https:\/\/editorapaideia.com.br\/index.php\/wp-json\/wp\/v2\/media\/1427"}],"wp:attachment":[{"href":"https:\/\/editorapaideia.com.br\/index.php\/wp-json\/wp\/v2\/media?parent=1429"}],"wp:term":[{"taxonomy":"product_brand","embeddable":true,"href":"https:\/\/editorapaideia.com.br\/index.php\/wp-json\/wp\/v2\/product_brand?post=1429"},{"taxonomy":"product_cat","embeddable":true,"href":"https:\/\/editorapaideia.com.br\/index.php\/wp-json\/wp\/v2\/product_cat?post=1429"},{"taxonomy":"product_tag","embeddable":true,"href":"https:\/\/editorapaideia.com.br\/index.php\/wp-json\/wp\/v2\/product_tag?post=1429"}],"curies":[{"name":"wp","href":"https:\/\/api.w.org\/{rel}","templated":true}]}}