{"id":1357,"date":"2021-05-31T15:02:24","date_gmt":"2021-05-31T18:02:24","guid":{"rendered":"http:\/\/editorapaideia.com.br\/?post_type=product&#038;p=1357"},"modified":"2025-09-23T01:06:57","modified_gmt":"2025-09-23T04:06:57","slug":"clube-do-livro","status":"publish","type":"product","link":"https:\/\/editorapaideia.com.br\/index.php\/produto\/clube-do-livro\/","title":{"rendered":"Clube do Livro"},"content":{"rendered":"<p><img fetchpriority=\"high\" decoding=\"async\" class=\"alignnone wp-image-1358\" src=\"http:\/\/editorapaideia.com.br\/wp-content\/uploads\/2021\/05\/fluxo_clube-300x164.jpg\" alt=\"\" width=\"468\" height=\"256\" srcset=\"https:\/\/editorapaideia.com.br\/wp-content\/uploads\/2021\/05\/fluxo_clube-300x164.jpg 300w, https:\/\/editorapaideia.com.br\/wp-content\/uploads\/2021\/05\/fluxo_clube.jpg 676w\" sizes=\"(max-width: 468px) 100vw, 468px\" \/><\/p>\n<p><img decoding=\"async\" class=\"alignnone wp-image-1359\" src=\"http:\/\/editorapaideia.com.br\/wp-content\/uploads\/2021\/05\/vants-263x300.jpg\" alt=\"\" width=\"420\" height=\"479\" srcset=\"https:\/\/editorapaideia.com.br\/wp-content\/uploads\/2021\/05\/vants-263x300.jpg 263w, https:\/\/editorapaideia.com.br\/wp-content\/uploads\/2021\/05\/vants.jpg 491w\" sizes=\"(max-width: 420px) 100vw, 420px\" \/><\/p>\n<p>&nbsp;<\/p>\n","protected":false},"excerpt":{"rendered":"<p>Entre para nosso clube e receba mensalmente um livro do Prof. Jos\u00e9 Herculano Pires, com uma contribui\u00e7\u00e3o de apenas R$ 25,00 ao m\u00eas e frete pago pelo Clube.<\/p>\n","protected":false},"featured_media":1364,"comment_status":"open","ping_status":"closed","template":"","meta":{"_kadence_starter_templates_imported_post":false,"_kad_post_transparent":"default","_kad_post_title":"","_kad_post_layout":"default","_kad_post_sidebar_id":"","_kad_post_content_style":"default","_kad_post_vertical_padding":"default","_kad_post_feature":"","_kad_post_feature_position":"","_kad_post_header":false,"_kad_post_footer":false},"product_brand":[],"product_cat":[38],"product_tag":[],"class_list":{"0":"post-1357","1":"product","2":"type-product","3":"status-publish","4":"has-post-thumbnail","6":"product_cat-club-do-livro","8":"first","9":"instock","10":"shipping-taxable","11":"purchasable","12":"product-type-variable","13":"has-default-attributes","14":"entry","15":"content-bg","16":"loop-entry"},"_links":{"self":[{"href":"https:\/\/editorapaideia.com.br\/index.php\/wp-json\/wp\/v2\/product\/1357","targetHints":{"allow":["GET"]}}],"collection":[{"href":"https:\/\/editorapaideia.com.br\/index.php\/wp-json\/wp\/v2\/product"}],"about":[{"href":"https:\/\/editorapaideia.com.br\/index.php\/wp-json\/wp\/v2\/types\/product"}],"replies":[{"embeddable":true,"href":"https:\/\/editorapaideia.com.br\/index.php\/wp-json\/wp\/v2\/comments?post=1357"}],"wp:featuredmedia":[{"embeddable":true,"href":"https:\/\/editorapaideia.com.br\/index.php\/wp-json\/wp\/v2\/media\/1364"}],"wp:attachment":[{"href":"https:\/\/editorapaideia.com.br\/index.php\/wp-json\/wp\/v2\/media?parent=1357"}],"wp:term":[{"taxonomy":"product_brand","embeddable":true,"href":"https:\/\/editorapaideia.com.br\/index.php\/wp-json\/wp\/v2\/product_brand?post=1357"},{"taxonomy":"product_cat","embeddable":true,"href":"https:\/\/editorapaideia.com.br\/index.php\/wp-json\/wp\/v2\/product_cat?post=1357"},{"taxonomy":"product_tag","embeddable":true,"href":"https:\/\/editorapaideia.com.br\/index.php\/wp-json\/wp\/v2\/product_tag?post=1357"}],"curies":[{"name":"wp","href":"https:\/\/api.w.org\/{rel}","templated":true}]}}