{"id":1535,"date":"2021-12-03T13:23:48","date_gmt":"2021-12-03T16:23:48","guid":{"rendered":"http:\/\/editorapaideia.com.br\/?post_type=product&#038;p=1535"},"modified":"2025-12-22T16:53:24","modified_gmt":"2025-12-22T19:53:24","slug":"poesias","status":"publish","type":"product","link":"http:\/\/editorapaideia.com.br\/index.php\/produto\/poesias\/","title":{"rendered":"POESIAS"},"content":{"rendered":"<p><em>Poesias<\/em> une, em um s\u00f3 volume, dois livros de J. Herculano Pires: <em>Argila<\/em> e <em>Murais<\/em>, ambos desvelam o lado po\u00e9tico de J. Herculano Pires, que \u00e9 t\u00e3o pouco divulgado.<\/p>\n","protected":false},"excerpt":{"rendered":"<p>Poesias une, em um s\u00f3 volume, dois livros de J. Herculano Pires: Argila e Murais, ambos desvelam o lado po\u00e9tico de J. Herculano Pires, que \u00e9 t\u00e3o pouco divulgado.<\/p>\n","protected":false},"featured_media":1536,"comment_status":"open","ping_status":"closed","template":"","meta":{"_kadence_starter_templates_imported_post":false,"_kad_post_transparent":"default","_kad_post_title":"","_kad_post_layout":"default","_kad_post_sidebar_id":"","_kad_post_content_style":"default","_kad_post_vertical_padding":"default","_kad_post_feature":"","_kad_post_feature_position":"","_kad_post_header":false,"_kad_post_footer":false},"product_brand":[],"product_cat":[27],"product_tag":[],"class_list":{"0":"post-1535","1":"product","2":"type-product","3":"status-publish","4":"has-post-thumbnail","6":"product_cat-poesia","8":"first","9":"instock","10":"shipping-taxable","11":"purchasable","12":"product-type-simple","13":"entry","14":"content-bg","15":"loop-entry"},"_links":{"self":[{"href":"http:\/\/editorapaideia.com.br\/index.php\/wp-json\/wp\/v2\/product\/1535","targetHints":{"allow":["GET"]}}],"collection":[{"href":"http:\/\/editorapaideia.com.br\/index.php\/wp-json\/wp\/v2\/product"}],"about":[{"href":"http:\/\/editorapaideia.com.br\/index.php\/wp-json\/wp\/v2\/types\/product"}],"replies":[{"embeddable":true,"href":"http:\/\/editorapaideia.com.br\/index.php\/wp-json\/wp\/v2\/comments?post=1535"}],"wp:featuredmedia":[{"embeddable":true,"href":"http:\/\/editorapaideia.com.br\/index.php\/wp-json\/wp\/v2\/media\/1536"}],"wp:attachment":[{"href":"http:\/\/editorapaideia.com.br\/index.php\/wp-json\/wp\/v2\/media?parent=1535"}],"wp:term":[{"taxonomy":"product_brand","embeddable":true,"href":"http:\/\/editorapaideia.com.br\/index.php\/wp-json\/wp\/v2\/product_brand?post=1535"},{"taxonomy":"product_cat","embeddable":true,"href":"http:\/\/editorapaideia.com.br\/index.php\/wp-json\/wp\/v2\/product_cat?post=1535"},{"taxonomy":"product_tag","embeddable":true,"href":"http:\/\/editorapaideia.com.br\/index.php\/wp-json\/wp\/v2\/product_tag?post=1535"}],"curies":[{"name":"wp","href":"https:\/\/api.w.org\/{rel}","templated":true}]}}